{"id":6430,"date":"2020-05-21T18:23:51","date_gmt":"2020-05-21T18:23:51","guid":{"rendered":"https:\/\/dev.sientra.ca\/a-propos\/"},"modified":"2024-07-26T19:20:28","modified_gmt":"2024-07-26T19:20:28","slug":"a-propos","status":"publish","type":"page","link":"https:\/\/sientra.ca\/fr\/a-propos\/","title":{"rendered":"\u00c0 propos"},"content":{"rendered":"\n\n\t<h3>VOS NORMES \u00c9LEV\u00c9ES SONT \u00c9GALEMENT LES N\u00d4TRES<\/h3>\n<p>Sientra propose des traitements et des technologies de transformation de pointe ax\u00e9s sur le progr\u00e8s de l&rsquo;art de la chirurgie plastique et qui visent \u00e0 faire une diff\u00e9rence dans la vie des gens. Avec une s\u00e9curit\u00e9 in\u00e9gal\u00e9e, une science de pointe et un service exceptionnel, notre portefeuille d&rsquo;innovations exclusives fait progresser radicalement la fa\u00e7on dont les chirurgiens plasticiens prennent soin de leurs patients et de leurs patientes.<\/p>\n\t<p><q>Notre philosophie est simple\u00a0: Nous mettons des produits de qualit\u00e9 sup\u00e9rieure entre les mains les plus comp\u00e9tentes et les plus qualifi\u00e9es pour vous offrir des r\u00e9sultats plus s\u00e9curitaires et plus beaux.<\/q><\/p>\n\t<h3 class='mb-0'>&#8211;\u00a0Ron Menezes<\/h3>\n<p>Pr\u00e9sident-directeur g\u00e9n\u00e9ral chez Sientra<\/p>\n\t\t\t\t<a href=\"\/fr\/augmentation-mammaire\/\" target=\"_self\" itemprop=\"url\" rel=\"noopener\">\n\t\t\t\t<img loading=\"lazy\" decoding=\"async\" src=\"https:\/\/sientra.ca\/wp-content\/uploads\/2022\/06\/fr-about_sientra_breast_augmentation-min.jpg\" alt=\"Logo Sientra et femme assise sur un sofa\" itemprop=\"image\" height=\"758\" width=\"962\" title=\"about_aug_@2x_70q-min\" onerror=\"this.style.display='none'\"  \/>\n\t\t\t\t<\/a>\n\t<p>Marque d&rsquo;implants mammaires en gel de silicone la mieux not\u00e9e*. Offert exclusivement par des chirurgiens plasticiens certifi\u00e9s<\/p>\n\t* Parmi les implants mammaires en gel de silicone; note Worth It de 99 % en f\u00e9vrier 2022 sur realself.com\n<h2>\n\t\tNous aidons les gens \u00e0 tisser des liens et \u00e0 construire des carri\u00e8res\n\t<\/h2>\n\t<p>Nous recherchons des personnes exceptionnellement talentueuses et motiv\u00e9es pour se joindre \u00e0 notre \u00e9quipe. Si vous recherchez une carri\u00e8re \u00e0 la fois stimulante et enrichissante et que vous souhaitez travailler pour une entreprise \u00e0 la pointe de l&rsquo;industrie de l&rsquo;esth\u00e9tique, cliquez <a href=\"https:\/\/sientra.applytojob.com\/apply\">ici<\/a> pour voir nos offres d&#8217;emploi.<\/p>\n\n","protected":false},"excerpt":{"rendered":"<p>VOS NORMES \u00c9LEV\u00c9ES SONT \u00c9GALEMENT LES N\u00d4TRES Sientra propose des traitements et des technologies de transformation de pointe ax\u00e9s sur le progr\u00e8s de l&rsquo;art de la chirurgie plastique et qui visent \u00e0 faire une diff\u00e9rence dans la vie des gens. Avec une s\u00e9curit\u00e9 in\u00e9gal\u00e9e, une science de pointe et un service exceptionnel, notre portefeuille d&rsquo;innovations &hellip; <a href=\"https:\/\/sientra.ca\/fr\/a-propos\/\">Continued<\/a><\/p>\n","protected":false},"author":1,"featured_media":0,"parent":0,"menu_order":0,"comment_status":"closed","ping_status":"closed","template":"","meta":{"_acf_changed":false,"footnotes":""},"class_list":["post-6430","page","type-page","status-publish","hentry"],"acf":[],"yoast_head":"<!-- This site is optimized with the Yoast SEO plugin v27.2 - https:\/\/yoast.com\/product\/yoast-seo-wordpress\/ -->\n<title>\u00c0 propos | Sientra<\/title>\n<meta name=\"description\" content=\"Un portefeuille de marques d\u2019esth\u00e9tique m\u00e9dicale con\u00e7ues pour faire une diff\u00e9rence dans la vie des gens en am\u00e9liorant leur image corporelle, en d\u00e9veloppant leur estime de soi et en restaurant leur confiance.\u00a0\" \/>\n<meta name=\"robots\" content=\"index, follow, max-snippet:-1, max-image-preview:large, max-video-preview:-1\" \/>\n<link rel=\"canonical\" href=\"https:\/\/sientra.ca\/fr\/a-propos\/\" \/>\n<meta property=\"og:locale\" content=\"fr_FR\" \/>\n<meta property=\"og:type\" content=\"article\" \/>\n<meta property=\"og:title\" content=\"\u00c0 propos | Sientra\" \/>\n<meta property=\"og:description\" content=\"Un portefeuille de marques d\u2019esth\u00e9tique m\u00e9dicale con\u00e7ues pour faire une diff\u00e9rence dans la vie des gens en am\u00e9liorant leur image corporelle, en d\u00e9veloppant leur estime de soi et en restaurant leur confiance.\u00a0\" \/>\n<meta property=\"og:url\" content=\"https:\/\/sientra.ca\/fr\/a-propos\/\" \/>\n<meta property=\"og:site_name\" content=\"Sientra\" \/>\n<meta property=\"article:modified_time\" content=\"2024-07-26T19:20:28+00:00\" \/>\n<meta property=\"og:image\" content=\"https:\/\/sientra.ca\/wp-content\/uploads\/2022\/06\/fr-about_sientra_breast_augmentation-min.jpg\" \/>\n<meta name=\"twitter:card\" content=\"summary_large_image\" \/>\n<meta name=\"twitter:label1\" content=\"Dur\u00e9e de lecture estim\u00e9e\" \/>\n\t<meta name=\"twitter:data1\" content=\"2 minutes\" \/>\n<script type=\"application\/ld+json\" class=\"yoast-schema-graph\">{\"@context\":\"https:\/\/schema.org\",\"@graph\":[{\"@type\":\"WebPage\",\"@id\":\"https:\/\/sientra.ca\/fr\/a-propos\/\",\"url\":\"https:\/\/sientra.ca\/fr\/a-propos\/\",\"name\":\"\u00c0 propos | Sientra\",\"isPartOf\":{\"@id\":\"https:\/\/sientra.ca\/fr\/#website\"},\"primaryImageOfPage\":{\"@id\":\"https:\/\/sientra.ca\/fr\/a-propos\/#primaryimage\"},\"image\":{\"@id\":\"https:\/\/sientra.ca\/fr\/a-propos\/#primaryimage\"},\"thumbnailUrl\":\"https:\/\/sientra.ca\/wp-content\/uploads\/2022\/06\/fr-about_sientra_breast_augmentation-min.jpg\",\"datePublished\":\"2020-05-21T18:23:51+00:00\",\"dateModified\":\"2024-07-26T19:20:28+00:00\",\"description\":\"Un portefeuille de marques d\u2019esth\u00e9tique m\u00e9dicale con\u00e7ues pour faire une diff\u00e9rence dans la vie des gens en am\u00e9liorant leur image corporelle, en d\u00e9veloppant leur estime de soi et en restaurant leur confiance.\u00a0\",\"breadcrumb\":{\"@id\":\"https:\/\/sientra.ca\/fr\/a-propos\/#breadcrumb\"},\"inLanguage\":\"fr-FR\",\"potentialAction\":[{\"@type\":\"ReadAction\",\"target\":[\"https:\/\/sientra.ca\/fr\/a-propos\/\"]}]},{\"@type\":\"ImageObject\",\"inLanguage\":\"fr-FR\",\"@id\":\"https:\/\/sientra.ca\/fr\/a-propos\/#primaryimage\",\"url\":\"https:\/\/sientra.ca\/wp-content\/uploads\/2022\/06\/fr-about_sientra_breast_augmentation-min.jpg\",\"contentUrl\":\"https:\/\/sientra.ca\/wp-content\/uploads\/2022\/06\/fr-about_sientra_breast_augmentation-min.jpg\"},{\"@type\":\"BreadcrumbList\",\"@id\":\"https:\/\/sientra.ca\/fr\/a-propos\/#breadcrumb\",\"itemListElement\":[{\"@type\":\"ListItem\",\"position\":1,\"name\":\"Home\",\"item\":\"https:\/\/sientra.ca\/fr\/\"},{\"@type\":\"ListItem\",\"position\":2,\"name\":\"\u00c0 propos\"}]},{\"@type\":\"WebSite\",\"@id\":\"https:\/\/sientra.ca\/fr\/#website\",\"url\":\"https:\/\/sientra.ca\/fr\/\",\"name\":\"Sientra\",\"description\":\"Breast Implants\",\"potentialAction\":[{\"@type\":\"SearchAction\",\"target\":{\"@type\":\"EntryPoint\",\"urlTemplate\":\"https:\/\/sientra.ca\/fr\/?s={search_term_string}\"},\"query-input\":{\"@type\":\"PropertyValueSpecification\",\"valueRequired\":true,\"valueName\":\"search_term_string\"}}],\"inLanguage\":\"fr-FR\"}]}<\/script>\n<!-- \/ Yoast SEO plugin. -->","yoast_head_json":{"title":"\u00c0 propos | Sientra","description":"Un portefeuille de marques d\u2019esth\u00e9tique m\u00e9dicale con\u00e7ues pour faire une diff\u00e9rence dans la vie des gens en am\u00e9liorant leur image corporelle, en d\u00e9veloppant leur estime de soi et en restaurant leur confiance.\u00a0","robots":{"index":"index","follow":"follow","max-snippet":"max-snippet:-1","max-image-preview":"max-image-preview:large","max-video-preview":"max-video-preview:-1"},"canonical":"https:\/\/sientra.ca\/fr\/a-propos\/","og_locale":"fr_FR","og_type":"article","og_title":"\u00c0 propos | Sientra","og_description":"Un portefeuille de marques d\u2019esth\u00e9tique m\u00e9dicale con\u00e7ues pour faire une diff\u00e9rence dans la vie des gens en am\u00e9liorant leur image corporelle, en d\u00e9veloppant leur estime de soi et en restaurant leur confiance.\u00a0","og_url":"https:\/\/sientra.ca\/fr\/a-propos\/","og_site_name":"Sientra","article_modified_time":"2024-07-26T19:20:28+00:00","og_image":[{"url":"https:\/\/sientra.ca\/wp-content\/uploads\/2022\/06\/fr-about_sientra_breast_augmentation-min.jpg","type":"","width":"","height":""}],"twitter_card":"summary_large_image","twitter_misc":{"Dur\u00e9e de lecture estim\u00e9e":"2 minutes"},"schema":{"@context":"https:\/\/schema.org","@graph":[{"@type":"WebPage","@id":"https:\/\/sientra.ca\/fr\/a-propos\/","url":"https:\/\/sientra.ca\/fr\/a-propos\/","name":"\u00c0 propos | Sientra","isPartOf":{"@id":"https:\/\/sientra.ca\/fr\/#website"},"primaryImageOfPage":{"@id":"https:\/\/sientra.ca\/fr\/a-propos\/#primaryimage"},"image":{"@id":"https:\/\/sientra.ca\/fr\/a-propos\/#primaryimage"},"thumbnailUrl":"https:\/\/sientra.ca\/wp-content\/uploads\/2022\/06\/fr-about_sientra_breast_augmentation-min.jpg","datePublished":"2020-05-21T18:23:51+00:00","dateModified":"2024-07-26T19:20:28+00:00","description":"Un portefeuille de marques d\u2019esth\u00e9tique m\u00e9dicale con\u00e7ues pour faire une diff\u00e9rence dans la vie des gens en am\u00e9liorant leur image corporelle, en d\u00e9veloppant leur estime de soi et en restaurant leur confiance.\u00a0","breadcrumb":{"@id":"https:\/\/sientra.ca\/fr\/a-propos\/#breadcrumb"},"inLanguage":"fr-FR","potentialAction":[{"@type":"ReadAction","target":["https:\/\/sientra.ca\/fr\/a-propos\/"]}]},{"@type":"ImageObject","inLanguage":"fr-FR","@id":"https:\/\/sientra.ca\/fr\/a-propos\/#primaryimage","url":"https:\/\/sientra.ca\/wp-content\/uploads\/2022\/06\/fr-about_sientra_breast_augmentation-min.jpg","contentUrl":"https:\/\/sientra.ca\/wp-content\/uploads\/2022\/06\/fr-about_sientra_breast_augmentation-min.jpg"},{"@type":"BreadcrumbList","@id":"https:\/\/sientra.ca\/fr\/a-propos\/#breadcrumb","itemListElement":[{"@type":"ListItem","position":1,"name":"Home","item":"https:\/\/sientra.ca\/fr\/"},{"@type":"ListItem","position":2,"name":"\u00c0 propos"}]},{"@type":"WebSite","@id":"https:\/\/sientra.ca\/fr\/#website","url":"https:\/\/sientra.ca\/fr\/","name":"Sientra","description":"Breast Implants","potentialAction":[{"@type":"SearchAction","target":{"@type":"EntryPoint","urlTemplate":"https:\/\/sientra.ca\/fr\/?s={search_term_string}"},"query-input":{"@type":"PropertyValueSpecification","valueRequired":true,"valueName":"search_term_string"}}],"inLanguage":"fr-FR"}]}},"_links":{"self":[{"href":"https:\/\/sientra.ca\/fr\/wp-json\/wp\/v2\/pages\/6430","targetHints":{"allow":["GET"]}}],"collection":[{"href":"https:\/\/sientra.ca\/fr\/wp-json\/wp\/v2\/pages"}],"about":[{"href":"https:\/\/sientra.ca\/fr\/wp-json\/wp\/v2\/types\/page"}],"author":[{"embeddable":true,"href":"https:\/\/sientra.ca\/fr\/wp-json\/wp\/v2\/users\/1"}],"replies":[{"embeddable":true,"href":"https:\/\/sientra.ca\/fr\/wp-json\/wp\/v2\/comments?post=6430"}],"version-history":[{"count":13,"href":"https:\/\/sientra.ca\/fr\/wp-json\/wp\/v2\/pages\/6430\/revisions"}],"predecessor-version":[{"id":6814,"href":"https:\/\/sientra.ca\/fr\/wp-json\/wp\/v2\/pages\/6430\/revisions\/6814"}],"wp:attachment":[{"href":"https:\/\/sientra.ca\/fr\/wp-json\/wp\/v2\/media?parent=6430"}],"curies":[{"name":"wp","href":"https:\/\/api.w.org\/{rel}","templated":true}]}}