{"id":6431,"date":"2020-07-01T22:28:33","date_gmt":"2020-07-01T22:28:33","guid":{"rendered":"https:\/\/dev.sientra.ca\/engagement-envers-la-securite\/"},"modified":"2022-08-12T23:16:43","modified_gmt":"2022-08-12T23:16:43","slug":"engagement-envers-la-securite","status":"publish","type":"page","link":"https:\/\/sientra.ca\/fr\/engagement-envers-la-securite\/","title":{"rendered":"Engagement envers la s\u00e9curit\u00e9"},"content":{"rendered":"\n<h3>\n\t\tNous sommes guid\u00e9s par la science derri\u00e8re nos produits qui continue de confirmer la s\u00e9curit\u00e9 et l&rsquo;efficacit\u00e9 \u00e0 long terme de tous les implants Sientra.\n\t<\/h3>\n\t<p>La s\u00e9curit\u00e9 des patientes et la qualit\u00e9 des produits sont notre priorit\u00e9 absolue. C&rsquo;est pourquoi nous avons confi\u00e9 la s\u00e9curit\u00e9 et la satisfaction des patientes qui choisissent nos implants mammaires exclusivement aux chirurgiens les plus qualifi\u00e9s du secteur, c&rsquo;est-\u00e0-dire les chirurgiens plasticiens d\u00e9tenant un certificat de sp\u00e9cialiste. Nous nous engageons \u00e0 fournir des informations transparentes et bas\u00e9es sur des \u00e9tudes scientifiques concernant nos implants afin d&rsquo;aider les chirurgiens et les patientes \u00e0 prendre des d\u00e9cisions \u00e9clair\u00e9es.<\/p>\n\t<h3>COMPRENDRE LES AVANTAGES ET LES RISQUES<\/h3>\n<p>Toute intervention chirurgicale comporte des risques. Nous confions la s\u00e9curit\u00e9 et la satisfaction des patientes uniquement aux chirurgiens les plus qualifi\u00e9s du secteur. C&rsquo;est pourquoi nous proposons nos implants mammaires exclusivement aux chirurgiens plasticiens certifi\u00e9s aux \u00c9tats-Unis. Les femmes devraient toujours parler \u00e0 leur chirurgien plasticien certifi\u00e9 des diff\u00e9rentes options d&rsquo;implants, des avantages et des risques connus associ\u00e9s \u00e0 toute intervention chirurgicale, et de leurs besoins individuels, afin de prendre une d\u00e9cision \u00e9clair\u00e9e. Il est important que les femmes sachent que des complications peuvent survenir apr\u00e8s la pose d&rsquo;implants mammaires. Vous trouverez ci-dessous quelques-unes des principales complications associ\u00e9es \u00e0 la pose d&rsquo;implants mammaires signal\u00e9es dans l&rsquo;\u00e9tude clinique de 10\u00a0ans de Sientra<sup>1<\/sup>.<\/p>\n<h3>RUPTURE D&rsquo;IMPLANT<\/h3>\n<p>Sur une p\u00e9riode de 10\u00a0ans, le risque de rupture des implants d&rsquo;une patiente est g\u00e9n\u00e9ralement de 7,9\u00a0%. Cela signifie que 8\u00a0patientes sur 100 peuvent subir une rupture sur une p\u00e9riode de 10\u00a0ans*.<\/p>\n<h3>CONTRACTURE CAPSULAIRE<\/h3>\n<p>Au cours du processus de gu\u00e9rison, apr\u00e8s l&rsquo;op\u00e9ration, le tissu cicatriciel (capsule) comprime l&rsquo;implant chez certaines femmes. Cela peut entra\u00eener un raffermissement ou un durcissement du sein. Sur une p\u00e9riode de 10\u00a0ans, le risque de contracture capsulaire d&rsquo;une patiente est g\u00e9n\u00e9ralement de 13,5\u00a0%<sup>1<\/sup>. Cela signifie que 14\u00a0patientes sur 100 peuvent subir une contracture capsulaire dans les 10\u00a0ans suivant la pose des implants*.<\/p>\n<h3>LYMPHOME ANAPLASIQUE \u00c0 GRANDES CELLULES ASSOCI\u00c9 AUX IMPLANTS MAMMAIRES (LAGC-AIM)<\/h3>\n<p>Le LAGC-AIM n&rsquo;est PAS un cancer du sein. Le LAGC-AIM est un type rare et traitable de lymphome \u00e0 cellules\u00a0T non hodgkinien. Les femmes avec des implants mammaires ont un risque faible, mais accru de subir ce probl\u00e8me<sup>2,3<\/sup>.<\/p>\n<p>Les donn\u00e9es actuelles sugg\u00e8rent que le LAGC-AIM survient plus fr\u00e9quemment chez les femmes ayant des implants textur\u00e9s plut\u00f4t que des implants lisses<sup>4<\/sup>. Le LAGC-AIM a \u00e9t\u00e9 diagnostiqu\u00e9 chez des femmes ayant des implants en silicone et en solution saline<sup>5<\/sup>. Le taux d&rsquo;incidence rapport\u00e9 du LAGC-AIM varie grandement mondialement et selon les diff\u00e9rentes surfaces d&rsquo;implants<sup>6<\/sup>. Lorsqu&rsquo;il est d\u00e9tect\u00e9 t\u00f4t, le LAGC-AIM peut g\u00e9n\u00e9ralement \u00eatre trait\u00e9<sup>7<\/sup>.<\/p>\n<p>Il est important de comprendre la raret\u00e9 de cette occurrence et de mettre les chiffres en perspective. Le risque de d\u00e9velopper un LAGC en raison d&rsquo;un implant mammaire est de 0,003\u00a0%<sup>8<\/sup>.<\/p>\n<p>Il est important que les femmes veillent \u00e0 la sant\u00e9 de leurs seins et qu&rsquo;elles restent \u00e0 l&rsquo;aff\u00fbt de tout changement de taille ou de forme de leurs seins ou de leurs implants mammaires. Les femmes qui s&rsquo;inqui\u00e8tent de la sant\u00e9 de leurs seins devraient consulter leur chirurgien plasticien certifi\u00e9 pour une \u00e9valuation<sup>7<\/sup>.<\/p>\n<h3>POINTS IMPORTANTS\u00a0:<\/h3>\n<p>Les donn\u00e9es cliniques r\u00e9elles et \u00e0 long terme d\u00e9montrent la s\u00e9curit\u00e9 des implants mammaires<sup>9<\/sup>. C&rsquo;est pourquoi\u00a0:<br \/>La FDA, et toutes les principales entreprises du secteur m\u00e9dical, ne recommandent actuellement pas le retrait des implants chez les femmes ne pr\u00e9sentant pas de sympt\u00f4mes.<\/p>\n<p>La FDA et les principales entreprises du secteur m\u00e9dical ne recommandent actuellement pas de modifier les soins m\u00e9dicaux de routine et le suivi des femmes ayant des implants. Les patientes doivent communiquer avec leur chirurgien plasticien certifi\u00e9 si la taille ou la forme de leurs seins change, y compris en cas de douleur, d&rsquo;apparition de bosses ou d&rsquo;enflure<sup>4<\/sup>.<\/p>\n<h3>LES IMPLANTS MAMMAIRES SIENTRA SONT DES DISPOSITIFS S\u00c9CURITAIRES ET APPROUV\u00c9S PAR LA FDA QUI OFFRENT AUX FEMMES DE NOMBREUX AVANTAGES EN CE QUI CONCERNE LA QUALIT\u00c9 DE VIE.<\/h3>\n<p>Les femmes choisissent l&rsquo;augmentation mammaire primaire afin d&rsquo;augmenter la taille et la proportion d&rsquo;un ou des deux seins. La plupart des femmes ayant subi une implantation mammaire se disent tr\u00e8s satisfaites de leur image corporelle ainsi que de la forme, de la sensation et de la taille de leurs implants. Selon une \u00e9tude clinique de Sientra, la plupart des patientes ayant subi une augmentation mammaire primaire ou une intervention de reprise \u00e9taient satisfaites des r\u00e9sultats de leur chirurgie. La plupart des femmes qui ont subi une augmentation primaire ou une intervention de reprise avec les implants Sientra ont estim\u00e9 que leurs implants mammaires les rendaient plus f\u00e9minines et plus attrayantes. De plus, la majorit\u00e9 de ces femmes ont indiqu\u00e9 que leurs implants mammaires leur permettaient de se sentir mieux dans leur peau.<\/p>\n\t\t\t90%\n<h3>\n\t\tse sentent plus f\u00e9minines\n\t<\/h3>\n\t\t\t91%\n<h3>\n\t\ttrouvent que leurs seins sont souples au toucher et ont une apparence naturelle\n\t<\/h3>\n\t\t\t79%\n<h3>\n\t\ttrouvent que leurs v\u00eatements \u00e9pousent mieux leurs formes\n\t<\/h3>\n\t<p>(cohorte de femmes ayant eu une augmentation primaire)<\/p>\n\t<p>*\u00a0Taux moyen de complications pr\u00e9cises signal\u00e9es dans toutes les cohortes de l&rsquo;\u00e9tude. Les taux individuels peuvent \u00eatre plus ou moins \u00e9lev\u00e9s en fonction de plusieurs facteurs pour chaque patiente.<\/p>\n\t\t\t\t<img loading=\"lazy\" decoding=\"async\" src=\"https:\/\/sientra.ca\/wp-content\/uploads\/2021\/01\/audrey-sientra-patient-warranty.png\" alt=\"femme debout dans l'embrasure de la porte\" itemprop=\"image\" height=\"728\" width=\"780\" title=\"audrey-sientra-patient-warranty\" onerror=\"this.style.display='none'\"  \/>\n<h2>\n\t\tNous offrons la garantie de 20\u00a0ans la plus compl\u00e8te<br \/> du secteur\n\t<\/h2>\n\t<p>Puisque nous sommes convaincus que nos implants sont s\u00e9curitaires et performants, nous offrons la meilleure garantie du secteur. Le programme de remplacement de produit et de garantie limit\u00e9e Sientra Platinum20\u2122 offre la protection la plus compl\u00e8te, la dur\u00e9e de couverture la plus longue, la plupart des aides financi\u00e8res et le moins de restrictions de garantie parmi toutes les marques d&rsquo;implants. Pour obtenir tous les d\u00e9tails sur les conditions du programme Sientra Platinum20 et sur les implants mammaires Sientra, consultez nos <a href=\"https:\/\/sientra.ca\/fr\/ressources-pour-les-patientes\/\">ressources<\/a>.<\/p>\n\t<p>Si vous \u00eates pr\u00eate \u00e0 explorer vos options concernant l&rsquo;augmentation mammaire ou la reconstruction mammaire, nous vous encourageons \u00e0 communiquer avec un chirurgien plasticien certifi\u00e9.<\/p>\n\n","protected":false},"excerpt":{"rendered":"<p>Nous sommes guid\u00e9s par la science derri\u00e8re nos produits qui continue de confirmer la s\u00e9curit\u00e9 et l&rsquo;efficacit\u00e9 \u00e0 long terme de tous les implants Sientra. La s\u00e9curit\u00e9 des patientes et la qualit\u00e9 des produits sont notre priorit\u00e9 absolue. C&rsquo;est pourquoi nous avons confi\u00e9 la s\u00e9curit\u00e9 et la satisfaction des patientes qui choisissent nos implants mammaires &hellip; <a href=\"https:\/\/sientra.ca\/fr\/engagement-envers-la-securite\/\">Continued<\/a><\/p>\n","protected":false},"author":1,"featured_media":0,"parent":0,"menu_order":0,"comment_status":"closed","ping_status":"closed","template":"","meta":{"_acf_changed":false,"footnotes":""},"class_list":["post-6431","page","type-page","status-publish","hentry"],"acf":[],"yoast_head":"<!-- This site is optimized with the Yoast SEO plugin v27.2 - https:\/\/yoast.com\/product\/yoast-seo-wordpress\/ -->\n<title>Engagement envers la s\u00e9curit\u00e9 des implants mammaires | Sientra<\/title>\n<meta name=\"description\" content=\"Sientra s\u2019engage \u00e0 fournir des informations transparentes et bas\u00e9es sur des \u00e9tudes scientifiques concernant ses implants afin d\u2019aider les chirurgiens et les patientes \u00e0 prendre des d\u00e9cisions \u00e9clair\u00e9es.\" \/>\n<meta name=\"robots\" content=\"index, follow, max-snippet:-1, max-image-preview:large, max-video-preview:-1\" \/>\n<link rel=\"canonical\" href=\"https:\/\/sientra.ca\/fr\/engagement-envers-la-securite\/\" \/>\n<meta property=\"og:locale\" content=\"fr_FR\" \/>\n<meta property=\"og:type\" content=\"article\" \/>\n<meta property=\"og:title\" content=\"Engagement envers la s\u00e9curit\u00e9 des implants mammaires | Sientra\" \/>\n<meta property=\"og:description\" content=\"Sientra s\u2019engage \u00e0 fournir des informations transparentes et bas\u00e9es sur des \u00e9tudes scientifiques concernant ses implants afin d\u2019aider les chirurgiens et les patientes \u00e0 prendre des d\u00e9cisions \u00e9clair\u00e9es.\" \/>\n<meta property=\"og:url\" content=\"https:\/\/sientra.ca\/fr\/engagement-envers-la-securite\/\" \/>\n<meta property=\"og:site_name\" content=\"Sientra\" \/>\n<meta property=\"article:modified_time\" content=\"2022-08-12T23:16:43+00:00\" \/>\n<meta property=\"og:image\" content=\"https:\/\/sientra.ca\/wp-content\/uploads\/2021\/01\/audrey-sientra-patient-warranty.png\" \/>\n<meta name=\"twitter:card\" content=\"summary_large_image\" \/>\n<meta name=\"twitter:label1\" content=\"Dur\u00e9e de lecture estim\u00e9e\" \/>\n\t<meta name=\"twitter:data1\" content=\"5 minutes\" \/>\n<script type=\"application\/ld+json\" class=\"yoast-schema-graph\">{\"@context\":\"https:\/\/schema.org\",\"@graph\":[{\"@type\":\"WebPage\",\"@id\":\"https:\/\/sientra.ca\/fr\/engagement-envers-la-securite\/\",\"url\":\"https:\/\/sientra.ca\/fr\/engagement-envers-la-securite\/\",\"name\":\"Engagement envers la s\u00e9curit\u00e9 des implants mammaires | Sientra\",\"isPartOf\":{\"@id\":\"https:\/\/sientra.ca\/fr\/#website\"},\"primaryImageOfPage\":{\"@id\":\"https:\/\/sientra.ca\/fr\/engagement-envers-la-securite\/#primaryimage\"},\"image\":{\"@id\":\"https:\/\/sientra.ca\/fr\/engagement-envers-la-securite\/#primaryimage\"},\"thumbnailUrl\":\"https:\/\/sientra.ca\/wp-content\/uploads\/2021\/01\/audrey-sientra-patient-warranty.png\",\"datePublished\":\"2020-07-01T22:28:33+00:00\",\"dateModified\":\"2022-08-12T23:16:43+00:00\",\"description\":\"Sientra s\u2019engage \u00e0 fournir des informations transparentes et bas\u00e9es sur des \u00e9tudes scientifiques concernant ses implants afin d\u2019aider les chirurgiens et les patientes \u00e0 prendre des d\u00e9cisions \u00e9clair\u00e9es.\",\"breadcrumb\":{\"@id\":\"https:\/\/sientra.ca\/fr\/engagement-envers-la-securite\/#breadcrumb\"},\"inLanguage\":\"fr-FR\",\"potentialAction\":[{\"@type\":\"ReadAction\",\"target\":[\"https:\/\/sientra.ca\/fr\/engagement-envers-la-securite\/\"]}]},{\"@type\":\"ImageObject\",\"inLanguage\":\"fr-FR\",\"@id\":\"https:\/\/sientra.ca\/fr\/engagement-envers-la-securite\/#primaryimage\",\"url\":\"https:\/\/sientra.ca\/wp-content\/uploads\/2021\/01\/audrey-sientra-patient-warranty.png\",\"contentUrl\":\"https:\/\/sientra.ca\/wp-content\/uploads\/2021\/01\/audrey-sientra-patient-warranty.png\"},{\"@type\":\"BreadcrumbList\",\"@id\":\"https:\/\/sientra.ca\/fr\/engagement-envers-la-securite\/#breadcrumb\",\"itemListElement\":[{\"@type\":\"ListItem\",\"position\":1,\"name\":\"Home\",\"item\":\"https:\/\/sientra.ca\/fr\/\"},{\"@type\":\"ListItem\",\"position\":2,\"name\":\"Engagement envers la s\u00e9curit\u00e9\"}]},{\"@type\":\"WebSite\",\"@id\":\"https:\/\/sientra.ca\/fr\/#website\",\"url\":\"https:\/\/sientra.ca\/fr\/\",\"name\":\"Sientra\",\"description\":\"Breast Implants\",\"potentialAction\":[{\"@type\":\"SearchAction\",\"target\":{\"@type\":\"EntryPoint\",\"urlTemplate\":\"https:\/\/sientra.ca\/fr\/?s={search_term_string}\"},\"query-input\":{\"@type\":\"PropertyValueSpecification\",\"valueRequired\":true,\"valueName\":\"search_term_string\"}}],\"inLanguage\":\"fr-FR\"}]}<\/script>\n<!-- \/ Yoast SEO plugin. -->","yoast_head_json":{"title":"Engagement envers la s\u00e9curit\u00e9 des implants mammaires | Sientra","description":"Sientra s\u2019engage \u00e0 fournir des informations transparentes et bas\u00e9es sur des \u00e9tudes scientifiques concernant ses implants afin d\u2019aider les chirurgiens et les patientes \u00e0 prendre des d\u00e9cisions \u00e9clair\u00e9es.","robots":{"index":"index","follow":"follow","max-snippet":"max-snippet:-1","max-image-preview":"max-image-preview:large","max-video-preview":"max-video-preview:-1"},"canonical":"https:\/\/sientra.ca\/fr\/engagement-envers-la-securite\/","og_locale":"fr_FR","og_type":"article","og_title":"Engagement envers la s\u00e9curit\u00e9 des implants mammaires | Sientra","og_description":"Sientra s\u2019engage \u00e0 fournir des informations transparentes et bas\u00e9es sur des \u00e9tudes scientifiques concernant ses implants afin d\u2019aider les chirurgiens et les patientes \u00e0 prendre des d\u00e9cisions \u00e9clair\u00e9es.","og_url":"https:\/\/sientra.ca\/fr\/engagement-envers-la-securite\/","og_site_name":"Sientra","article_modified_time":"2022-08-12T23:16:43+00:00","og_image":[{"url":"https:\/\/sientra.ca\/wp-content\/uploads\/2021\/01\/audrey-sientra-patient-warranty.png","type":"","width":"","height":""}],"twitter_card":"summary_large_image","twitter_misc":{"Dur\u00e9e de lecture estim\u00e9e":"5 minutes"},"schema":{"@context":"https:\/\/schema.org","@graph":[{"@type":"WebPage","@id":"https:\/\/sientra.ca\/fr\/engagement-envers-la-securite\/","url":"https:\/\/sientra.ca\/fr\/engagement-envers-la-securite\/","name":"Engagement envers la s\u00e9curit\u00e9 des implants mammaires | Sientra","isPartOf":{"@id":"https:\/\/sientra.ca\/fr\/#website"},"primaryImageOfPage":{"@id":"https:\/\/sientra.ca\/fr\/engagement-envers-la-securite\/#primaryimage"},"image":{"@id":"https:\/\/sientra.ca\/fr\/engagement-envers-la-securite\/#primaryimage"},"thumbnailUrl":"https:\/\/sientra.ca\/wp-content\/uploads\/2021\/01\/audrey-sientra-patient-warranty.png","datePublished":"2020-07-01T22:28:33+00:00","dateModified":"2022-08-12T23:16:43+00:00","description":"Sientra s\u2019engage \u00e0 fournir des informations transparentes et bas\u00e9es sur des \u00e9tudes scientifiques concernant ses implants afin d\u2019aider les chirurgiens et les patientes \u00e0 prendre des d\u00e9cisions \u00e9clair\u00e9es.","breadcrumb":{"@id":"https:\/\/sientra.ca\/fr\/engagement-envers-la-securite\/#breadcrumb"},"inLanguage":"fr-FR","potentialAction":[{"@type":"ReadAction","target":["https:\/\/sientra.ca\/fr\/engagement-envers-la-securite\/"]}]},{"@type":"ImageObject","inLanguage":"fr-FR","@id":"https:\/\/sientra.ca\/fr\/engagement-envers-la-securite\/#primaryimage","url":"https:\/\/sientra.ca\/wp-content\/uploads\/2021\/01\/audrey-sientra-patient-warranty.png","contentUrl":"https:\/\/sientra.ca\/wp-content\/uploads\/2021\/01\/audrey-sientra-patient-warranty.png"},{"@type":"BreadcrumbList","@id":"https:\/\/sientra.ca\/fr\/engagement-envers-la-securite\/#breadcrumb","itemListElement":[{"@type":"ListItem","position":1,"name":"Home","item":"https:\/\/sientra.ca\/fr\/"},{"@type":"ListItem","position":2,"name":"Engagement envers la s\u00e9curit\u00e9"}]},{"@type":"WebSite","@id":"https:\/\/sientra.ca\/fr\/#website","url":"https:\/\/sientra.ca\/fr\/","name":"Sientra","description":"Breast Implants","potentialAction":[{"@type":"SearchAction","target":{"@type":"EntryPoint","urlTemplate":"https:\/\/sientra.ca\/fr\/?s={search_term_string}"},"query-input":{"@type":"PropertyValueSpecification","valueRequired":true,"valueName":"search_term_string"}}],"inLanguage":"fr-FR"}]}},"_links":{"self":[{"href":"https:\/\/sientra.ca\/fr\/wp-json\/wp\/v2\/pages\/6431","targetHints":{"allow":["GET"]}}],"collection":[{"href":"https:\/\/sientra.ca\/fr\/wp-json\/wp\/v2\/pages"}],"about":[{"href":"https:\/\/sientra.ca\/fr\/wp-json\/wp\/v2\/types\/page"}],"author":[{"embeddable":true,"href":"https:\/\/sientra.ca\/fr\/wp-json\/wp\/v2\/users\/1"}],"replies":[{"embeddable":true,"href":"https:\/\/sientra.ca\/fr\/wp-json\/wp\/v2\/comments?post=6431"}],"version-history":[{"count":9,"href":"https:\/\/sientra.ca\/fr\/wp-json\/wp\/v2\/pages\/6431\/revisions"}],"predecessor-version":[{"id":6647,"href":"https:\/\/sientra.ca\/fr\/wp-json\/wp\/v2\/pages\/6431\/revisions\/6647"}],"wp:attachment":[{"href":"https:\/\/sientra.ca\/fr\/wp-json\/wp\/v2\/media?parent=6431"}],"curies":[{"name":"wp","href":"https:\/\/api.w.org\/{rel}","templated":true}]}}