{"id":6432,"date":"2020-07-07T17:20:26","date_gmt":"2020-07-07T17:20:26","guid":{"rendered":"https:\/\/dev.sientra.ca\/implants-mammaires\/"},"modified":"2022-08-18T19:04:03","modified_gmt":"2022-08-18T19:04:03","slug":"implants-mammaires","status":"publish","type":"page","link":"https:\/\/sientra.ca\/fr\/pour-les-chirurgiens-canadiens\/implants-mammaires\/","title":{"rendered":"Implants mammaires"},"content":{"rendered":"\n<h2>\n\t\tD\u00e9couvrez notre offre de produits con\u00e7us avec soin et comportant des caract\u00e9ristiques propres \u00e0 chacun.\n\t<\/h2>\n\t<h3>\n\t\t\t\tGel coh\u00e9sif exclusif \u00e0 haute r\u00e9sistance\n\t\t\t<\/h3>\n\t\t\t<p>Con\u00e7u pour conserver sa forme et sa haute r\u00e9sistance \u00e0 la rupture, tout en maintenant une sensation remarquablement souple au toucher<sup>2<\/sup>.<\/p>\t\n\t<h3>\n\t\t\t\tConception \u00e0 dos plat\n\t\t\t<\/h3>\n\t\t\t<p>Permet aux implants d&rsquo;\u00e9pouser la forme de la paroi thoracique, cr\u00e9ant un bord lat\u00e9ral lisse con\u00e7u pour limiter la sensibilit\u00e9 et la formation de plis.<\/p>\n\t\t\t\t<img loading=\"lazy\" decoding=\"async\" src=\"https:\/\/sientra.ca\/wp-content\/uploads\/2020\/12\/breast-implant-features.png\" alt=\"Diagramme d'implant mammaire\" itemprop=\"image\" height=\"305\" width=\"511\" title=\"breast-implant-features\" onerror=\"this.style.display='none'\"  \/>\n\t<h3>\n\t\t\t\tNiveau de remplissage du gel\n\t\t\t<\/h3>\n\t\t\t<p>Taux de remplissage optimal con\u00e7u pour cr\u00e9er et maintenir la forme de poitrine souhait\u00e9e en tenant compte de l&rsquo;inclinaison de la paroi thoracique.<\/p>\t\n\t<h3>\n\t\t\t\tPlus haut degr\u00e9 d&rsquo;int\u00e9gration du gel\/enveloppe<sup>2<\/sup>\n\t\t\t<\/h3>\n\t\t\t<p>Assure une meilleure adh\u00e9rence du gel \u00e0 l&rsquo;enveloppe, ce qui permet d&rsquo;obtenir un implant \u00e0 la fois solide et souple<sup>2<\/sup>.<\/p>\n\t<h3>\n\t\t\t\tGel coh\u00e9sif exclusif \u00e0 haute r\u00e9sistance\n\t\t\t<\/h3>\n\t\t\t<p>Con\u00e7u pour conserver sa forme et sa haute r\u00e9sistance \u00e0 la rupture, tout en maintenant une sensation remarquablement souple au toucher<sup>2<\/sup>.<\/p>\t\n\t<h3>\n\t\t\t\tNiveau de remplissage du gel\n\t\t\t<\/h3>\n\t\t\t<p>Taux de remplissage optimal con\u00e7u pour cr\u00e9er et maintenir la forme de poitrine souhait\u00e9e en tenant compte de l&rsquo;inclinaison de la paroi thoracique.<\/p>\t\n\t\t\t\t<img loading=\"lazy\" decoding=\"async\" src=\"https:\/\/sientra.ca\/wp-content\/uploads\/2020\/12\/breast-implant-features-m.png\" alt=\"Diagramme d'implant mammaire\" itemprop=\"image\" height=\"272\" width=\"511\" title=\"breast-implant-features-m\" onerror=\"this.style.display='none'\"  \/>\n\t<h3>\n\t\t\t\tConception \u00e0 dos plat\n\t\t\t<\/h3>\n\t\t\t<p>Permet aux implants d&rsquo;\u00e9pouser la forme de la paroi thoracique, cr\u00e9ant un bord lat\u00e9ral lisse con\u00e7u pour limiter la sensibilit\u00e9 et la formation de plis.<\/p>\t\n\t<h3>\n\t\t\t\tPlus haut degr\u00e9 d&rsquo;int\u00e9gration du gel\/enveloppe<sup>2<\/sup>\n\t\t\t<\/h3>\n\t\t\t<p>Assure une meilleure adh\u00e9rence du gel \u00e0 l&rsquo;enveloppe, ce qui permet d&rsquo;obtenir un implant \u00e0 la fois solide et souple<sup>2<\/sup>.<\/p>\t\n<h4>\n\t\tSurface lisse\n\t<\/h4>\n\t<h3>\n\t\t\t\tChoix populaire\n\t\t\t<\/h3>\n\t\t\t<p>Douce, mais durable, notre enveloppe lisse contribue \u00e0 la sensation naturelle de nos implants. L&rsquo;enveloppe est con\u00e7ue pour minimiser le risque de d\u00e9chirure et permettre \u00e0 l&rsquo;implant de se d\u00e9placer naturellement avec le tissu mammaire naturel.<\/p>\t\n\t\t\t\t<img loading=\"lazy\" decoding=\"async\" src=\"https:\/\/sientra.ca\/wp-content\/uploads\/2021\/01\/actual-sientra-patient-audrey-top.png\" alt=\"patiente Sientra souriante et portant un haut d\u00e9collet\u00e9\" itemprop=\"image\" height=\"134\" width=\"960\" title=\"actual-sientra-patient-audrey-top\" onerror=\"this.style.display='none'\"  \/>\n\t\t\t\t<img loading=\"lazy\" decoding=\"async\" src=\"https:\/\/sientra.ca\/wp-content\/uploads\/2021\/01\/actual-sientra-patient-audrey.jpg\" alt=\"patiente avec les bras crois\u00e9s, souriant au spectateur\" itemprop=\"image\" height=\"1223\" width=\"960\" title=\"actual-sientra-patient-audrey\" onerror=\"this.style.display='none'\"  \/>\n<h2>\n\t\tGel coh\u00e9sif HSC+ exclusif \u00e0 haute r\u00e9sistance\n\t<\/h2>\n\t<p>Con\u00e7u pour un maintien optimal de la forme et une r\u00e9sistance \u00e0 la rupture tout en conservant une sensation naturelle.<\/p>\n<h3>\n\t\tGel coh\u00e9sif &#8211; haute r\u00e9sistance plus (HSC+)\n\t<\/h3>\n\t<ul>\n<li>Gel plus coh\u00e9sif &#8211; sensation plus ferme<\/li>\n<li>Maintien in\u00e9gal\u00e9 de la forme<sup>2<\/sup><\/li>\n<li>La plus haute r\u00e9sistance \u00e0 la rupture de gel sur le march\u00e9<sup>2<\/sup><\/li>\n<li>Con\u00e7u pour minimiser les plis et les ondulations<\/li>\n<\/ul>\n<h3>\n\t\tOffert avec les implants ronds\n\t<\/h3>\n<h2>\n\t\tChoisissez la force et la souplesse\n\t<\/h2>\n\t\t\t\t<img loading=\"lazy\" decoding=\"async\" src=\"https:\/\/sientra.ca\/wp-content\/uploads\/2022\/06\/fr-surgeon-implants-chart.svg\" alt=\"graphique\" itemprop=\"image\" height=\"623\" width=\"634\" title=\"GelFracture-Chart-B-SPOT-REV2-min\" onerror=\"this.style.display='none'\"  \/>\n\t<p>Les implants Sientra offrent la plus haute r\u00e9sistance \u00e0 la rupture de gel sur le march\u00e9, sans le compromis d&rsquo;un implant trop ferme<sup>2<\/sup>. Les implants HSC+ offrent un compromis minimal en mati\u00e8re de souplesse afin d&rsquo;obtenir un gel plus r\u00e9sistant<sup>2<\/sup>.<\/p>\n<h2>\n\t\tOptions d&rsquo;implants\n\t<\/h2>\n<h3>\n\t\t5\u00a0degr\u00e9s de projection\n\t<\/h3>\n        <img loading=\"lazy\" decoding=\"async\" src=\"\/wp-content\/uploads\/2020\/08\/luxe-projection-low.png\" alt=\"luxe-projection-low\" width=\"800\" height=\"679\" \/><p>Projection <strong>faible<\/strong> | (160\u00a0cm<sup>3<\/sup> \u00e0 700\u00a0cm<sup>3<\/sup>)<\/p>\n        <img loading=\"lazy\" decoding=\"async\" src=\"\/wp-content\/uploads\/2020\/08\/luxe-projection-moderate.png\" alt=\"luxe-projection-moderate\" width=\"800\" height=\"554\" \/><p>Projection <strong>mod\u00e9r\u00e9e<\/strong> | (190\u00a0cm<sup>3<\/sup> \u00e0 700\u00a0cm<sup><\/sup><sup>3<\/sup>)<\/p>\n        <img loading=\"lazy\" decoding=\"async\" src=\"\/wp-content\/uploads\/2020\/08\/luxe-projection-moderate-plus.png\" alt=\"luxe-projection-moderate-plus\" width=\"800\" height=\"570\" \/><p>Projection <strong>mod\u00e9r\u00e9e plus<\/strong> | (175\u00a0cm<sup>3<\/sup> \u00e0 695\u00a0cm<sup>3<\/sup>)<\/p>\n        <img loading=\"lazy\" decoding=\"async\" src=\"\/wp-content\/uploads\/2020\/08\/luxe-projection-high.png\" alt=\"luxe-projection-high\" width=\"800\" height=\"592\" \/><p>Projection <strong>\u00e9lev\u00e9e<\/strong> | (190\u00a0cm<sup>3<\/sup> \u00e0 700\u00a0cm<sup>3<\/sup>)<\/p>\n        <img loading=\"lazy\" decoding=\"async\" src=\"\/wp-content\/uploads\/2020\/08\/luxe-projection-xrta-high.png\" alt=\"luxe-projection-xrta-high\" width=\"800\" height=\"506\" \/><p>Projection <strong>tr\u00e8s \u00e9lev\u00e9e<\/strong> | (275\u00a0cm<sup>3<\/sup> \u00e0 510\u00a0cm<sup>3<\/sup>)<\/p>\n      <!-- .swiper-wrapper -->\n\t\t\t\t<img loading=\"lazy\" decoding=\"async\" src=\"https:\/\/sientra.ca\/wp-content\/uploads\/2021\/01\/jamie-sientra-patient-poolside-top.png\" alt=\"femme souriant face au spectateur\" itemprop=\"image\" height=\"172\" width=\"960\" title=\"jamie-sientra-patient-poolside-top\" onerror=\"this.style.display='none'\"  \/>\n\t\t\t\t<img loading=\"lazy\" decoding=\"async\" src=\"https:\/\/sientra.ca\/wp-content\/uploads\/2021\/01\/jamie-sientra-patient-poolside.jpg\" alt=\"femme souriant face au spectateur\" itemprop=\"image\" height=\"904\" width=\"960\" title=\"jamie-sientra-patient-poolside\" onerror=\"this.style.display='none'\"  \/>\n<h2>\n\t\tSoyez t\u00e9moin de la satisfaction\n\t<\/h2>\n\t<p><q>Je suis tellement heureuse d&rsquo;avoir pris cette d\u00e9cision. Je me regarde dans le miroir et je vois la silhouette que j&rsquo;ai toujours voulue.<\/q><\/p>\n\t<p><strong>&#8211;\u00a0SARITA,<\/strong> patiente de Sientra<\/p>\n\t<img loading=\"lazy\" decoding=\"async\" src=\"\/wp-content\/uploads\/2022\/06\/fr-realself-99-min.png\" alt=\"Note Worth It de RealSelf de 99\u00a0%\" width=\"754\" height=\"206\" \/>\n<p>La marque d&rsquo;implants mammaires la plus appr\u00e9ci\u00e9e aux \u00c9tats-Unis*<\/p>\n* Parmi les implants mammaires en gel de silicone; en date de f\u00e9vrier 2022, realself.com\n\t\t\t\t<img loading=\"lazy\" decoding=\"async\" src=\"https:\/\/sientra.ca\/wp-content\/uploads\/2021\/01\/actual-sientra-patient-jamie-top.png\" alt=\"femme regardant vers le spectateur\" itemprop=\"image\" height=\"112\" width=\"1280\" title=\"actual-sientra-patient-jamie-top\" onerror=\"this.style.display='none'\"  \/>\n\t\t\t\t<img loading=\"lazy\" decoding=\"async\" src=\"https:\/\/sientra.ca\/wp-content\/uploads\/2021\/01\/actual-sientra-patient-jamie.jpg\" alt=\"femme regardant vers le spectateur\" itemprop=\"image\" height=\"641\" width=\"1280\" title=\"actual-sientra-patient-jamie\" onerror=\"this.style.display='none'\"  \/>\n\n","protected":false},"excerpt":{"rendered":"<p>D\u00e9couvrez notre offre de produits con\u00e7us avec soin et comportant des caract\u00e9ristiques propres \u00e0 chacun. Gel coh\u00e9sif exclusif \u00e0 haute r\u00e9sistance Con\u00e7u pour conserver sa forme et sa haute r\u00e9sistance \u00e0 la rupture, tout en maintenant une sensation remarquablement souple au toucher2. Conception \u00e0 dos plat Permet aux implants d&rsquo;\u00e9pouser la forme de la paroi &hellip; <a href=\"https:\/\/sientra.ca\/fr\/pour-les-chirurgiens-canadiens\/implants-mammaires\/\">Continued<\/a><\/p>\n","protected":false},"author":1,"featured_media":0,"parent":6441,"menu_order":0,"comment_status":"closed","ping_status":"closed","template":"","meta":{"_acf_changed":false,"footnotes":""},"class_list":["post-6432","page","type-page","status-publish","hentry"],"acf":[],"yoast_head":"<!-- This site is optimized with the Yoast SEO plugin v27.2 - https:\/\/yoast.com\/product\/yoast-seo-wordpress\/ -->\n<title>Options d\u2019implants mammaires pour Mon cabinet | Sientra<\/title>\n<meta name=\"description\" content=\"D\u00e9couvrez notre offre de produits con\u00e7us avec soin et comportant des caract\u00e9ristiques propres \u00e0 chacun. Deux gels coh\u00e9sifs exclusifs \u00e0 haute r\u00e9sistance HSC et HSC+. D\u00e9couvrez la r\u00e9sistance et la souplesse, et plus de 340\u00a0options d\u2019implants mammaires.\" \/>\n<meta name=\"robots\" content=\"index, follow, max-snippet:-1, max-image-preview:large, max-video-preview:-1\" \/>\n<link rel=\"canonical\" href=\"https:\/\/sientra.ca\/fr\/pour-les-chirurgiens-canadiens\/implants-mammaires\/\" \/>\n<meta property=\"og:locale\" content=\"fr_FR\" \/>\n<meta property=\"og:type\" content=\"article\" \/>\n<meta property=\"og:title\" content=\"Options d\u2019implants mammaires pour Mon cabinet | Sientra\" \/>\n<meta property=\"og:description\" content=\"D\u00e9couvrez notre offre de produits con\u00e7us avec soin et comportant des caract\u00e9ristiques propres \u00e0 chacun. Deux gels coh\u00e9sifs exclusifs \u00e0 haute r\u00e9sistance HSC et HSC+. D\u00e9couvrez la r\u00e9sistance et la souplesse, et plus de 340\u00a0options d\u2019implants mammaires.\" \/>\n<meta property=\"og:url\" content=\"https:\/\/sientra.ca\/fr\/pour-les-chirurgiens-canadiens\/implants-mammaires\/\" \/>\n<meta property=\"og:site_name\" content=\"Sientra\" \/>\n<meta property=\"article:modified_time\" content=\"2022-08-18T19:04:03+00:00\" \/>\n<meta property=\"og:image\" content=\"https:\/\/sientra.ca\/wp-content\/uploads\/2020\/12\/breast-implant-features.png\" \/>\n<meta name=\"twitter:card\" content=\"summary_large_image\" \/>\n<meta name=\"twitter:label1\" content=\"Dur\u00e9e de lecture estim\u00e9e\" \/>\n\t<meta name=\"twitter:data1\" content=\"6 minutes\" \/>\n<script type=\"application\/ld+json\" class=\"yoast-schema-graph\">{\"@context\":\"https:\/\/schema.org\",\"@graph\":[{\"@type\":\"WebPage\",\"@id\":\"https:\/\/sientra.ca\/fr\/pour-les-chirurgiens-canadiens\/implants-mammaires\/\",\"url\":\"https:\/\/sientra.ca\/fr\/pour-les-chirurgiens-canadiens\/implants-mammaires\/\",\"name\":\"Options d\u2019implants mammaires pour Mon cabinet | Sientra\",\"isPartOf\":{\"@id\":\"https:\/\/sientra.ca\/fr\/#website\"},\"primaryImageOfPage\":{\"@id\":\"https:\/\/sientra.ca\/fr\/pour-les-chirurgiens-canadiens\/implants-mammaires\/#primaryimage\"},\"image\":{\"@id\":\"https:\/\/sientra.ca\/fr\/pour-les-chirurgiens-canadiens\/implants-mammaires\/#primaryimage\"},\"thumbnailUrl\":\"https:\/\/sientra.ca\/wp-content\/uploads\/2020\/12\/breast-implant-features.png\",\"datePublished\":\"2020-07-07T17:20:26+00:00\",\"dateModified\":\"2022-08-18T19:04:03+00:00\",\"description\":\"D\u00e9couvrez notre offre de produits con\u00e7us avec soin et comportant des caract\u00e9ristiques propres \u00e0 chacun. Deux gels coh\u00e9sifs exclusifs \u00e0 haute r\u00e9sistance HSC et HSC+. D\u00e9couvrez la r\u00e9sistance et la souplesse, et plus de 340\u00a0options d\u2019implants mammaires.\",\"breadcrumb\":{\"@id\":\"https:\/\/sientra.ca\/fr\/pour-les-chirurgiens-canadiens\/implants-mammaires\/#breadcrumb\"},\"inLanguage\":\"fr-FR\",\"potentialAction\":[{\"@type\":\"ReadAction\",\"target\":[\"https:\/\/sientra.ca\/fr\/pour-les-chirurgiens-canadiens\/implants-mammaires\/\"]}]},{\"@type\":\"ImageObject\",\"inLanguage\":\"fr-FR\",\"@id\":\"https:\/\/sientra.ca\/fr\/pour-les-chirurgiens-canadiens\/implants-mammaires\/#primaryimage\",\"url\":\"https:\/\/sientra.ca\/wp-content\/uploads\/2020\/12\/breast-implant-features.png\",\"contentUrl\":\"https:\/\/sientra.ca\/wp-content\/uploads\/2020\/12\/breast-implant-features.png\"},{\"@type\":\"BreadcrumbList\",\"@id\":\"https:\/\/sientra.ca\/fr\/pour-les-chirurgiens-canadiens\/implants-mammaires\/#breadcrumb\",\"itemListElement\":[{\"@type\":\"ListItem\",\"position\":1,\"name\":\"Home\",\"item\":\"https:\/\/sientra.ca\/fr\/\"},{\"@type\":\"ListItem\",\"position\":2,\"name\":\"Pour les chirurgiens canadiens\",\"item\":\"https:\/\/sientra.ca\/fr\/pour-les-chirurgiens-canadiens\/\"},{\"@type\":\"ListItem\",\"position\":3,\"name\":\"Implants mammaires\"}]},{\"@type\":\"WebSite\",\"@id\":\"https:\/\/sientra.ca\/fr\/#website\",\"url\":\"https:\/\/sientra.ca\/fr\/\",\"name\":\"Sientra\",\"description\":\"Breast Implants\",\"potentialAction\":[{\"@type\":\"SearchAction\",\"target\":{\"@type\":\"EntryPoint\",\"urlTemplate\":\"https:\/\/sientra.ca\/fr\/?s={search_term_string}\"},\"query-input\":{\"@type\":\"PropertyValueSpecification\",\"valueRequired\":true,\"valueName\":\"search_term_string\"}}],\"inLanguage\":\"fr-FR\"}]}<\/script>\n<!-- \/ Yoast SEO plugin. -->","yoast_head_json":{"title":"Options d\u2019implants mammaires pour Mon cabinet | Sientra","description":"D\u00e9couvrez notre offre de produits con\u00e7us avec soin et comportant des caract\u00e9ristiques propres \u00e0 chacun. Deux gels coh\u00e9sifs exclusifs \u00e0 haute r\u00e9sistance HSC et HSC+. D\u00e9couvrez la r\u00e9sistance et la souplesse, et plus de 340\u00a0options d\u2019implants mammaires.","robots":{"index":"index","follow":"follow","max-snippet":"max-snippet:-1","max-image-preview":"max-image-preview:large","max-video-preview":"max-video-preview:-1"},"canonical":"https:\/\/sientra.ca\/fr\/pour-les-chirurgiens-canadiens\/implants-mammaires\/","og_locale":"fr_FR","og_type":"article","og_title":"Options d\u2019implants mammaires pour Mon cabinet | Sientra","og_description":"D\u00e9couvrez notre offre de produits con\u00e7us avec soin et comportant des caract\u00e9ristiques propres \u00e0 chacun. Deux gels coh\u00e9sifs exclusifs \u00e0 haute r\u00e9sistance HSC et HSC+. D\u00e9couvrez la r\u00e9sistance et la souplesse, et plus de 340\u00a0options d\u2019implants mammaires.","og_url":"https:\/\/sientra.ca\/fr\/pour-les-chirurgiens-canadiens\/implants-mammaires\/","og_site_name":"Sientra","article_modified_time":"2022-08-18T19:04:03+00:00","og_image":[{"url":"https:\/\/sientra.ca\/wp-content\/uploads\/2020\/12\/breast-implant-features.png","type":"","width":"","height":""}],"twitter_card":"summary_large_image","twitter_misc":{"Dur\u00e9e de lecture estim\u00e9e":"6 minutes"},"schema":{"@context":"https:\/\/schema.org","@graph":[{"@type":"WebPage","@id":"https:\/\/sientra.ca\/fr\/pour-les-chirurgiens-canadiens\/implants-mammaires\/","url":"https:\/\/sientra.ca\/fr\/pour-les-chirurgiens-canadiens\/implants-mammaires\/","name":"Options d\u2019implants mammaires pour Mon cabinet | Sientra","isPartOf":{"@id":"https:\/\/sientra.ca\/fr\/#website"},"primaryImageOfPage":{"@id":"https:\/\/sientra.ca\/fr\/pour-les-chirurgiens-canadiens\/implants-mammaires\/#primaryimage"},"image":{"@id":"https:\/\/sientra.ca\/fr\/pour-les-chirurgiens-canadiens\/implants-mammaires\/#primaryimage"},"thumbnailUrl":"https:\/\/sientra.ca\/wp-content\/uploads\/2020\/12\/breast-implant-features.png","datePublished":"2020-07-07T17:20:26+00:00","dateModified":"2022-08-18T19:04:03+00:00","description":"D\u00e9couvrez notre offre de produits con\u00e7us avec soin et comportant des caract\u00e9ristiques propres \u00e0 chacun. Deux gels coh\u00e9sifs exclusifs \u00e0 haute r\u00e9sistance HSC et HSC+. D\u00e9couvrez la r\u00e9sistance et la souplesse, et plus de 340\u00a0options d\u2019implants mammaires.","breadcrumb":{"@id":"https:\/\/sientra.ca\/fr\/pour-les-chirurgiens-canadiens\/implants-mammaires\/#breadcrumb"},"inLanguage":"fr-FR","potentialAction":[{"@type":"ReadAction","target":["https:\/\/sientra.ca\/fr\/pour-les-chirurgiens-canadiens\/implants-mammaires\/"]}]},{"@type":"ImageObject","inLanguage":"fr-FR","@id":"https:\/\/sientra.ca\/fr\/pour-les-chirurgiens-canadiens\/implants-mammaires\/#primaryimage","url":"https:\/\/sientra.ca\/wp-content\/uploads\/2020\/12\/breast-implant-features.png","contentUrl":"https:\/\/sientra.ca\/wp-content\/uploads\/2020\/12\/breast-implant-features.png"},{"@type":"BreadcrumbList","@id":"https:\/\/sientra.ca\/fr\/pour-les-chirurgiens-canadiens\/implants-mammaires\/#breadcrumb","itemListElement":[{"@type":"ListItem","position":1,"name":"Home","item":"https:\/\/sientra.ca\/fr\/"},{"@type":"ListItem","position":2,"name":"Pour les chirurgiens canadiens","item":"https:\/\/sientra.ca\/fr\/pour-les-chirurgiens-canadiens\/"},{"@type":"ListItem","position":3,"name":"Implants mammaires"}]},{"@type":"WebSite","@id":"https:\/\/sientra.ca\/fr\/#website","url":"https:\/\/sientra.ca\/fr\/","name":"Sientra","description":"Breast Implants","potentialAction":[{"@type":"SearchAction","target":{"@type":"EntryPoint","urlTemplate":"https:\/\/sientra.ca\/fr\/?s={search_term_string}"},"query-input":{"@type":"PropertyValueSpecification","valueRequired":true,"valueName":"search_term_string"}}],"inLanguage":"fr-FR"}]}},"_links":{"self":[{"href":"https:\/\/sientra.ca\/fr\/wp-json\/wp\/v2\/pages\/6432","targetHints":{"allow":["GET"]}}],"collection":[{"href":"https:\/\/sientra.ca\/fr\/wp-json\/wp\/v2\/pages"}],"about":[{"href":"https:\/\/sientra.ca\/fr\/wp-json\/wp\/v2\/types\/page"}],"author":[{"embeddable":true,"href":"https:\/\/sientra.ca\/fr\/wp-json\/wp\/v2\/users\/1"}],"replies":[{"embeddable":true,"href":"https:\/\/sientra.ca\/fr\/wp-json\/wp\/v2\/comments?post=6432"}],"version-history":[{"count":12,"href":"https:\/\/sientra.ca\/fr\/wp-json\/wp\/v2\/pages\/6432\/revisions"}],"predecessor-version":[{"id":6676,"href":"https:\/\/sientra.ca\/fr\/wp-json\/wp\/v2\/pages\/6432\/revisions\/6676"}],"up":[{"embeddable":true,"href":"https:\/\/sientra.ca\/fr\/wp-json\/wp\/v2\/pages\/6441"}],"wp:attachment":[{"href":"https:\/\/sientra.ca\/fr\/wp-json\/wp\/v2\/media?parent=6432"}],"curies":[{"name":"wp","href":"https:\/\/api.w.org\/{rel}","templated":true}]}}