{"id":6433,"date":"2020-07-07T17:22:51","date_gmt":"2020-07-07T17:22:51","guid":{"rendered":"https:\/\/dev.sientra.ca\/securite\/"},"modified":"2022-08-18T19:37:29","modified_gmt":"2022-08-18T19:37:29","slug":"securite","status":"publish","type":"page","link":"https:\/\/sientra.ca\/fr\/pour-les-chirurgiens-canadiens\/securite\/","title":{"rendered":"S\u00e9curit\u00e9"},"content":{"rendered":"\n<h2>\n\t\tAssurez la s\u00e9curit\u00e9 de votre&nbsp;patiente\n\t<\/h2>\n\t<p>Des \u00e9tudes ont d\u00e9montr\u00e9 que les implants mammaires Sientra pr\u00e9sententun faible taux de complications<sup>1<\/sup><\/p>\n\t<p>Une \u00e9tude clinique robuste d&rsquo;une dur\u00e9e de 10\u00a0ans, la plus grande \u00e9tude sur les implants mammaires de ce type, a d\u00e9montr\u00e9 une s\u00e9curit\u00e9 et des r\u00e9sultats cliniques in\u00e9gal\u00e9s<sup>12<\/sup><\/p>\n\t<p><strong>1\u00a0788<\/strong> patientes participantes<\/p>\n<p><strong>37<\/strong> sites de chirurgie plastique<\/p>\n<p>\u00e9valuation sur une p\u00e9riode de <strong>10\u00a0ans<\/strong><\/p>\n<h2>\n\t\tTaux de complications lors d&rsquo;une augmentation primaire<sup>1<\/sup>\n\t<\/h2>\n\t\t\t13%\n<h3>\n\t\tContracture capsulaire III\/IV\n\t<\/h3>\n\t\t\t9%\n<h3>\n\t\tRupture (cohorte avec IRM)\n\t<\/h3>\n\t\t\t24%\n<h3>\n\t\tDeuxi\u00e8me op\u00e9ration\n\t<\/h3>\n<h3>\n\t\tPrincipales complications lors d&rsquo;une augmentation primaire (avec dispositifs lisses et textur\u00e9s) sur une p\u00e9riode 10 ans, selon l&rsquo;estimation du risque KM par patiente\n\t<\/h3>\n\n","protected":false},"excerpt":{"rendered":"<p>Assurez la s\u00e9curit\u00e9 de votre&nbsp;patiente Des \u00e9tudes ont d\u00e9montr\u00e9 que les implants mammaires Sientra pr\u00e9sententun faible taux de complications1 Une \u00e9tude clinique robuste d&rsquo;une dur\u00e9e de 10\u00a0ans, la plus grande \u00e9tude sur les implants mammaires de ce type, a d\u00e9montr\u00e9 une s\u00e9curit\u00e9 et des r\u00e9sultats cliniques in\u00e9gal\u00e9s12 1\u00a0788 patientes participantes 37 sites de chirurgie plastique &hellip; <a href=\"https:\/\/sientra.ca\/fr\/pour-les-chirurgiens-canadiens\/securite\/\">Continued<\/a><\/p>\n","protected":false},"author":1,"featured_media":0,"parent":6441,"menu_order":0,"comment_status":"closed","ping_status":"closed","template":"","meta":{"_acf_changed":false,"footnotes":""},"class_list":["post-6433","page","type-page","status-publish","hentry"],"acf":[],"yoast_head":"<!-- This site is optimized with the Yoast SEO plugin v27.2 - https:\/\/yoast.com\/product\/yoast-seo-wordpress\/ -->\n<title>S\u00e9curit\u00e9 des implants mammaires dans Mon cabinet | Sientra<\/title>\n<meta name=\"description\" content=\"Assurez la s\u00e9curit\u00e9 de votre patiente. Des \u00e9tudes ont d\u00e9montr\u00e9 que les implants mammaires Sientra pr\u00e9sentent un taux de complications faible. D\u00e9couvrez l\u2019exclusivit\u00e9 du chirurgien. Sientra est le SEUL grand fabricant d\u2019implants mammaires en gel de silicone \u00e0 vendre ses produits exclusivement aux chirurgiens plasticiens d\u00e9tenant un certificat de sp\u00e9cialiste ou y \u00e9tant admissible.\" \/>\n<meta name=\"robots\" content=\"index, follow, max-snippet:-1, max-image-preview:large, max-video-preview:-1\" \/>\n<link rel=\"canonical\" href=\"https:\/\/sientra.ca\/fr\/pour-les-chirurgiens-canadiens\/securite\/\" \/>\n<meta property=\"og:locale\" content=\"fr_FR\" \/>\n<meta property=\"og:type\" content=\"article\" \/>\n<meta property=\"og:title\" content=\"S\u00e9curit\u00e9 des implants mammaires dans Mon cabinet | Sientra\" \/>\n<meta property=\"og:description\" content=\"Assurez la s\u00e9curit\u00e9 de votre patiente. Des \u00e9tudes ont d\u00e9montr\u00e9 que les implants mammaires Sientra pr\u00e9sentent un taux de complications faible. D\u00e9couvrez l\u2019exclusivit\u00e9 du chirurgien. Sientra est le SEUL grand fabricant d\u2019implants mammaires en gel de silicone \u00e0 vendre ses produits exclusivement aux chirurgiens plasticiens d\u00e9tenant un certificat de sp\u00e9cialiste ou y \u00e9tant admissible.\" \/>\n<meta property=\"og:url\" content=\"https:\/\/sientra.ca\/fr\/pour-les-chirurgiens-canadiens\/securite\/\" \/>\n<meta property=\"og:site_name\" content=\"Sientra\" \/>\n<meta property=\"article:modified_time\" content=\"2022-08-18T19:37:29+00:00\" \/>\n<meta property=\"og:image\" content=\"https:\/\/sientra.ca\/wp-content\/uploads\/2021\/01\/aug_@2x_70q-min.jpg\" \/>\n\t<meta property=\"og:image:width\" content=\"1414\" \/>\n\t<meta property=\"og:image:height\" content=\"1468\" \/>\n\t<meta property=\"og:image:type\" content=\"image\/jpeg\" \/>\n<meta name=\"twitter:card\" content=\"summary_large_image\" \/>\n<meta name=\"twitter:label1\" content=\"Dur\u00e9e de lecture estim\u00e9e\" \/>\n\t<meta name=\"twitter:data1\" content=\"1 minute\" \/>\n<script type=\"application\/ld+json\" class=\"yoast-schema-graph\">{\"@context\":\"https:\/\/schema.org\",\"@graph\":[{\"@type\":\"WebPage\",\"@id\":\"https:\/\/sientra.ca\/fr\/pour-les-chirurgiens-canadiens\/securite\/\",\"url\":\"https:\/\/sientra.ca\/fr\/pour-les-chirurgiens-canadiens\/securite\/\",\"name\":\"S\u00e9curit\u00e9 des implants mammaires dans Mon cabinet | Sientra\",\"isPartOf\":{\"@id\":\"https:\/\/sientra.ca\/fr\/#website\"},\"datePublished\":\"2020-07-07T17:22:51+00:00\",\"dateModified\":\"2022-08-18T19:37:29+00:00\",\"description\":\"Assurez la s\u00e9curit\u00e9 de votre patiente. Des \u00e9tudes ont d\u00e9montr\u00e9 que les implants mammaires Sientra pr\u00e9sentent un taux de complications faible. D\u00e9couvrez l\u2019exclusivit\u00e9 du chirurgien. Sientra est le SEUL grand fabricant d\u2019implants mammaires en gel de silicone \u00e0 vendre ses produits exclusivement aux chirurgiens plasticiens d\u00e9tenant un certificat de sp\u00e9cialiste ou y \u00e9tant admissible.\",\"breadcrumb\":{\"@id\":\"https:\/\/sientra.ca\/fr\/pour-les-chirurgiens-canadiens\/securite\/#breadcrumb\"},\"inLanguage\":\"fr-FR\",\"potentialAction\":[{\"@type\":\"ReadAction\",\"target\":[\"https:\/\/sientra.ca\/fr\/pour-les-chirurgiens-canadiens\/securite\/\"]}]},{\"@type\":\"BreadcrumbList\",\"@id\":\"https:\/\/sientra.ca\/fr\/pour-les-chirurgiens-canadiens\/securite\/#breadcrumb\",\"itemListElement\":[{\"@type\":\"ListItem\",\"position\":1,\"name\":\"Home\",\"item\":\"https:\/\/sientra.ca\/fr\/\"},{\"@type\":\"ListItem\",\"position\":2,\"name\":\"Pour les chirurgiens canadiens\",\"item\":\"https:\/\/sientra.ca\/fr\/pour-les-chirurgiens-canadiens\/\"},{\"@type\":\"ListItem\",\"position\":3,\"name\":\"S\u00e9curit\u00e9\"}]},{\"@type\":\"WebSite\",\"@id\":\"https:\/\/sientra.ca\/fr\/#website\",\"url\":\"https:\/\/sientra.ca\/fr\/\",\"name\":\"Sientra\",\"description\":\"Breast Implants\",\"potentialAction\":[{\"@type\":\"SearchAction\",\"target\":{\"@type\":\"EntryPoint\",\"urlTemplate\":\"https:\/\/sientra.ca\/fr\/?s={search_term_string}\"},\"query-input\":{\"@type\":\"PropertyValueSpecification\",\"valueRequired\":true,\"valueName\":\"search_term_string\"}}],\"inLanguage\":\"fr-FR\"}]}<\/script>\n<!-- \/ Yoast SEO plugin. -->","yoast_head_json":{"title":"S\u00e9curit\u00e9 des implants mammaires dans Mon cabinet | Sientra","description":"Assurez la s\u00e9curit\u00e9 de votre patiente. Des \u00e9tudes ont d\u00e9montr\u00e9 que les implants mammaires Sientra pr\u00e9sentent un taux de complications faible. D\u00e9couvrez l\u2019exclusivit\u00e9 du chirurgien. Sientra est le SEUL grand fabricant d\u2019implants mammaires en gel de silicone \u00e0 vendre ses produits exclusivement aux chirurgiens plasticiens d\u00e9tenant un certificat de sp\u00e9cialiste ou y \u00e9tant admissible.","robots":{"index":"index","follow":"follow","max-snippet":"max-snippet:-1","max-image-preview":"max-image-preview:large","max-video-preview":"max-video-preview:-1"},"canonical":"https:\/\/sientra.ca\/fr\/pour-les-chirurgiens-canadiens\/securite\/","og_locale":"fr_FR","og_type":"article","og_title":"S\u00e9curit\u00e9 des implants mammaires dans Mon cabinet | Sientra","og_description":"Assurez la s\u00e9curit\u00e9 de votre patiente. Des \u00e9tudes ont d\u00e9montr\u00e9 que les implants mammaires Sientra pr\u00e9sentent un taux de complications faible. D\u00e9couvrez l\u2019exclusivit\u00e9 du chirurgien. Sientra est le SEUL grand fabricant d\u2019implants mammaires en gel de silicone \u00e0 vendre ses produits exclusivement aux chirurgiens plasticiens d\u00e9tenant un certificat de sp\u00e9cialiste ou y \u00e9tant admissible.","og_url":"https:\/\/sientra.ca\/fr\/pour-les-chirurgiens-canadiens\/securite\/","og_site_name":"Sientra","article_modified_time":"2022-08-18T19:37:29+00:00","og_image":[{"width":1414,"height":1468,"url":"https:\/\/sientra.ca\/wp-content\/uploads\/2021\/01\/aug_@2x_70q-min.jpg","type":"image\/jpeg"}],"twitter_card":"summary_large_image","twitter_misc":{"Dur\u00e9e de lecture estim\u00e9e":"1 minute"},"schema":{"@context":"https:\/\/schema.org","@graph":[{"@type":"WebPage","@id":"https:\/\/sientra.ca\/fr\/pour-les-chirurgiens-canadiens\/securite\/","url":"https:\/\/sientra.ca\/fr\/pour-les-chirurgiens-canadiens\/securite\/","name":"S\u00e9curit\u00e9 des implants mammaires dans Mon cabinet | Sientra","isPartOf":{"@id":"https:\/\/sientra.ca\/fr\/#website"},"datePublished":"2020-07-07T17:22:51+00:00","dateModified":"2022-08-18T19:37:29+00:00","description":"Assurez la s\u00e9curit\u00e9 de votre patiente. Des \u00e9tudes ont d\u00e9montr\u00e9 que les implants mammaires Sientra pr\u00e9sentent un taux de complications faible. D\u00e9couvrez l\u2019exclusivit\u00e9 du chirurgien. Sientra est le SEUL grand fabricant d\u2019implants mammaires en gel de silicone \u00e0 vendre ses produits exclusivement aux chirurgiens plasticiens d\u00e9tenant un certificat de sp\u00e9cialiste ou y \u00e9tant admissible.","breadcrumb":{"@id":"https:\/\/sientra.ca\/fr\/pour-les-chirurgiens-canadiens\/securite\/#breadcrumb"},"inLanguage":"fr-FR","potentialAction":[{"@type":"ReadAction","target":["https:\/\/sientra.ca\/fr\/pour-les-chirurgiens-canadiens\/securite\/"]}]},{"@type":"BreadcrumbList","@id":"https:\/\/sientra.ca\/fr\/pour-les-chirurgiens-canadiens\/securite\/#breadcrumb","itemListElement":[{"@type":"ListItem","position":1,"name":"Home","item":"https:\/\/sientra.ca\/fr\/"},{"@type":"ListItem","position":2,"name":"Pour les chirurgiens canadiens","item":"https:\/\/sientra.ca\/fr\/pour-les-chirurgiens-canadiens\/"},{"@type":"ListItem","position":3,"name":"S\u00e9curit\u00e9"}]},{"@type":"WebSite","@id":"https:\/\/sientra.ca\/fr\/#website","url":"https:\/\/sientra.ca\/fr\/","name":"Sientra","description":"Breast Implants","potentialAction":[{"@type":"SearchAction","target":{"@type":"EntryPoint","urlTemplate":"https:\/\/sientra.ca\/fr\/?s={search_term_string}"},"query-input":{"@type":"PropertyValueSpecification","valueRequired":true,"valueName":"search_term_string"}}],"inLanguage":"fr-FR"}]}},"_links":{"self":[{"href":"https:\/\/sientra.ca\/fr\/wp-json\/wp\/v2\/pages\/6433","targetHints":{"allow":["GET"]}}],"collection":[{"href":"https:\/\/sientra.ca\/fr\/wp-json\/wp\/v2\/pages"}],"about":[{"href":"https:\/\/sientra.ca\/fr\/wp-json\/wp\/v2\/types\/page"}],"author":[{"embeddable":true,"href":"https:\/\/sientra.ca\/fr\/wp-json\/wp\/v2\/users\/1"}],"replies":[{"embeddable":true,"href":"https:\/\/sientra.ca\/fr\/wp-json\/wp\/v2\/comments?post=6433"}],"version-history":[{"count":16,"href":"https:\/\/sientra.ca\/fr\/wp-json\/wp\/v2\/pages\/6433\/revisions"}],"predecessor-version":[{"id":6682,"href":"https:\/\/sientra.ca\/fr\/wp-json\/wp\/v2\/pages\/6433\/revisions\/6682"}],"up":[{"embeddable":true,"href":"https:\/\/sientra.ca\/fr\/wp-json\/wp\/v2\/pages\/6441"}],"wp:attachment":[{"href":"https:\/\/sientra.ca\/fr\/wp-json\/wp\/v2\/media?parent=6433"}],"curies":[{"name":"wp","href":"https:\/\/api.w.org\/{rel}","templated":true}]}}