{"id":6438,"date":"2020-07-25T00:58:26","date_gmt":"2020-07-25T00:58:26","guid":{"rendered":"https:\/\/dev.sientra.ca\/informations-sur-la-securite-pour-les-medecins\/"},"modified":"2020-07-25T00:58:26","modified_gmt":"2020-07-25T00:58:26","slug":"informations-sur-la-securite-pour-les-medecins","status":"publish","type":"page","link":"https:\/\/sientra.ca\/fr\/informations-sur-la-securite-pour-les-medecins\/","title":{"rendered":"Informations sur la s\u00e9curit\u00e9 pour les m\u00e9decins"},"content":{"rendered":"","protected":false},"excerpt":{"rendered":"","protected":false},"author":1,"featured_media":0,"parent":0,"menu_order":0,"comment_status":"closed","ping_status":"closed","template":"","meta":{"_acf_changed":false,"footnotes":""},"class_list":["post-6438","page","type-page","status-publish","hentry"],"acf":[],"yoast_head":"<!-- This site is optimized with the Yoast SEO plugin v27.2 - https:\/\/yoast.com\/product\/yoast-seo-wordpress\/ -->\n<title>Informations sur la s\u00e9curit\u00e9 pour les m\u00e9decins - Sientra<\/title>\n<meta name=\"robots\" content=\"index, follow, max-snippet:-1, max-image-preview:large, max-video-preview:-1\" \/>\n<link rel=\"canonical\" href=\"https:\/\/sientra.ca\/fr\/informations-sur-la-securite-pour-les-medecins\/\" \/>\n<meta property=\"og:locale\" content=\"fr_FR\" \/>\n<meta property=\"og:type\" content=\"article\" \/>\n<meta property=\"og:title\" content=\"Informations sur la s\u00e9curit\u00e9 pour les m\u00e9decins - Sientra\" \/>\n<meta property=\"og:url\" content=\"https:\/\/sientra.ca\/fr\/informations-sur-la-securite-pour-les-medecins\/\" \/>\n<meta property=\"og:site_name\" content=\"Sientra\" \/>\n<meta property=\"og:image\" content=\"https:\/\/sientra.ca\/wp-content\/uploads\/2021\/01\/aug_@2x_70q-min.jpg\" \/>\n\t<meta property=\"og:image:width\" content=\"1414\" \/>\n\t<meta property=\"og:image:height\" content=\"1468\" \/>\n\t<meta property=\"og:image:type\" content=\"image\/jpeg\" \/>\n<meta name=\"twitter:card\" content=\"summary_large_image\" \/>\n<script type=\"application\/ld+json\" class=\"yoast-schema-graph\">{\"@context\":\"https:\/\/schema.org\",\"@graph\":[{\"@type\":\"WebPage\",\"@id\":\"https:\/\/sientra.ca\/fr\/informations-sur-la-securite-pour-les-medecins\/\",\"url\":\"https:\/\/sientra.ca\/fr\/informations-sur-la-securite-pour-les-medecins\/\",\"name\":\"Informations sur la s\u00e9curit\u00e9 pour les m\u00e9decins - Sientra\",\"isPartOf\":{\"@id\":\"https:\/\/sientra.ca\/fr\/#website\"},\"datePublished\":\"2020-07-25T00:58:26+00:00\",\"breadcrumb\":{\"@id\":\"https:\/\/sientra.ca\/fr\/informations-sur-la-securite-pour-les-medecins\/#breadcrumb\"},\"inLanguage\":\"fr-FR\",\"potentialAction\":[{\"@type\":\"ReadAction\",\"target\":[\"https:\/\/sientra.ca\/fr\/informations-sur-la-securite-pour-les-medecins\/\"]}]},{\"@type\":\"BreadcrumbList\",\"@id\":\"https:\/\/sientra.ca\/fr\/informations-sur-la-securite-pour-les-medecins\/#breadcrumb\",\"itemListElement\":[{\"@type\":\"ListItem\",\"position\":1,\"name\":\"Home\",\"item\":\"https:\/\/sientra.ca\/fr\/\"},{\"@type\":\"ListItem\",\"position\":2,\"name\":\"Informations sur la s\u00e9curit\u00e9 pour les m\u00e9decins\"}]},{\"@type\":\"WebSite\",\"@id\":\"https:\/\/sientra.ca\/fr\/#website\",\"url\":\"https:\/\/sientra.ca\/fr\/\",\"name\":\"Sientra\",\"description\":\"Breast Implants\",\"potentialAction\":[{\"@type\":\"SearchAction\",\"target\":{\"@type\":\"EntryPoint\",\"urlTemplate\":\"https:\/\/sientra.ca\/fr\/?s={search_term_string}\"},\"query-input\":{\"@type\":\"PropertyValueSpecification\",\"valueRequired\":true,\"valueName\":\"search_term_string\"}}],\"inLanguage\":\"fr-FR\"}]}<\/script>\n<!-- \/ Yoast SEO plugin. -->","yoast_head_json":{"title":"Informations sur la s\u00e9curit\u00e9 pour les m\u00e9decins - Sientra","robots":{"index":"index","follow":"follow","max-snippet":"max-snippet:-1","max-image-preview":"max-image-preview:large","max-video-preview":"max-video-preview:-1"},"canonical":"https:\/\/sientra.ca\/fr\/informations-sur-la-securite-pour-les-medecins\/","og_locale":"fr_FR","og_type":"article","og_title":"Informations sur la s\u00e9curit\u00e9 pour les m\u00e9decins - Sientra","og_url":"https:\/\/sientra.ca\/fr\/informations-sur-la-securite-pour-les-medecins\/","og_site_name":"Sientra","og_image":[{"width":1414,"height":1468,"url":"https:\/\/sientra.ca\/wp-content\/uploads\/2021\/01\/aug_@2x_70q-min.jpg","type":"image\/jpeg"}],"twitter_card":"summary_large_image","schema":{"@context":"https:\/\/schema.org","@graph":[{"@type":"WebPage","@id":"https:\/\/sientra.ca\/fr\/informations-sur-la-securite-pour-les-medecins\/","url":"https:\/\/sientra.ca\/fr\/informations-sur-la-securite-pour-les-medecins\/","name":"Informations sur la s\u00e9curit\u00e9 pour les m\u00e9decins - Sientra","isPartOf":{"@id":"https:\/\/sientra.ca\/fr\/#website"},"datePublished":"2020-07-25T00:58:26+00:00","breadcrumb":{"@id":"https:\/\/sientra.ca\/fr\/informations-sur-la-securite-pour-les-medecins\/#breadcrumb"},"inLanguage":"fr-FR","potentialAction":[{"@type":"ReadAction","target":["https:\/\/sientra.ca\/fr\/informations-sur-la-securite-pour-les-medecins\/"]}]},{"@type":"BreadcrumbList","@id":"https:\/\/sientra.ca\/fr\/informations-sur-la-securite-pour-les-medecins\/#breadcrumb","itemListElement":[{"@type":"ListItem","position":1,"name":"Home","item":"https:\/\/sientra.ca\/fr\/"},{"@type":"ListItem","position":2,"name":"Informations sur la s\u00e9curit\u00e9 pour les m\u00e9decins"}]},{"@type":"WebSite","@id":"https:\/\/sientra.ca\/fr\/#website","url":"https:\/\/sientra.ca\/fr\/","name":"Sientra","description":"Breast Implants","potentialAction":[{"@type":"SearchAction","target":{"@type":"EntryPoint","urlTemplate":"https:\/\/sientra.ca\/fr\/?s={search_term_string}"},"query-input":{"@type":"PropertyValueSpecification","valueRequired":true,"valueName":"search_term_string"}}],"inLanguage":"fr-FR"}]}},"_links":{"self":[{"href":"https:\/\/sientra.ca\/fr\/wp-json\/wp\/v2\/pages\/6438","targetHints":{"allow":["GET"]}}],"collection":[{"href":"https:\/\/sientra.ca\/fr\/wp-json\/wp\/v2\/pages"}],"about":[{"href":"https:\/\/sientra.ca\/fr\/wp-json\/wp\/v2\/types\/page"}],"author":[{"embeddable":true,"href":"https:\/\/sientra.ca\/fr\/wp-json\/wp\/v2\/users\/1"}],"replies":[{"embeddable":true,"href":"https:\/\/sientra.ca\/fr\/wp-json\/wp\/v2\/comments?post=6438"}],"version-history":[{"count":0,"href":"https:\/\/sientra.ca\/fr\/wp-json\/wp\/v2\/pages\/6438\/revisions"}],"wp:attachment":[{"href":"https:\/\/sientra.ca\/fr\/wp-json\/wp\/v2\/media?parent=6438"}],"curies":[{"name":"wp","href":"https:\/\/api.w.org\/{rel}","templated":true}]}}