{"id":6441,"date":"2020-05-22T20:10:18","date_gmt":"2020-05-22T20:10:18","guid":{"rendered":"https:\/\/dev.sientra.ca\/pour-les-chirurgiens-canadiens\/"},"modified":"2022-08-18T00:19:25","modified_gmt":"2022-08-18T00:19:25","slug":"pour-les-chirurgiens-canadiens","status":"publish","type":"page","link":"https:\/\/sientra.ca\/fr\/pour-les-chirurgiens-canadiens\/","title":{"rendered":"Pour les chirurgiens canadiens"},"content":{"rendered":"\n<h1>\n\t\tLes normes Sientra\n\t<\/h1>\n\t<h3>\n\t\t\t\tS\u00e9curit\u00e9\n\t\t\t<\/h3>\n\t\t\t<p>S\u00e9curit\u00e9 et r\u00e9sultats cliniques in\u00e9gal\u00e9s<sup>12<\/sup>. Sientra propose la derni\u00e8re g\u00e9n\u00e9ration d&rsquo;implants avec un taux de complications faible<sup>1<\/sup>.<\/p>\n\t<h3>\n\t\t\t\toptimale\n\t\t\t<\/h3>\n\t\t\t<p>La garantie de 20\u00a0ans la plus compl\u00e8te du secteur.<\/p>\n\t<h3>\n\t\t\t\tService\n\t\t\t<\/h3>\n\t\t\t<p>Un service adapt\u00e9 au succ\u00e8s de votre cabinet avec des programmes de marketing, des formations du secteur et une approche de services toujours disponibles.<\/p>\n\t<h3>\n\t\t\t\tChoix\n\t\t\t<\/h3>\n\t\t\t<p>Une grande vari\u00e9t\u00e9 de tailles et de mod\u00e8les vous permet d&rsquo;offrir \u00e0 vos patientes une apparence personnalis\u00e9e selon leurs d\u00e9sirs.<\/p>\n\t<h3>\n\t\t\t\tApprovisionnement\n\t\t\t<\/h3>\n\t\t\t<p>Sientra propose des implants de qualit\u00e9 sup\u00e9rieure qui sont d\u00e9sormais exclusivement fabriqu\u00e9s aux \u00c9tats-Unis<\/p>\n\t<h3>\n\t\t\t\tS\u00e9lection des chirurgiens\n\t\t\t<\/h3>\n\t\t\t<p>Soyons exclusifs. Sientra est le seul implant en gel de silicone coh\u00e9sif \u00e0 haute r\u00e9sistance offert uniquement aux chirurgiens plasticiens d\u00e9tenant un certificat de sp\u00e9cialiste.<\/p>\t\n\t\t\t\t<img loading=\"lazy\" decoding=\"async\" src=\"https:\/\/sientra.ca\/wp-content\/uploads\/\/2021\/03\/surgeon_main_top_right_curve.svg\" alt=\"portrait de Blaine Hamilton\" itemprop=\"image\" height=\"242\" width=\"320\" title=\"surgeon_main_top_right_curve\" onerror=\"this.style.display='none'\"  \/>\n<h2>\n\t\tImplants mammaires sp\u00e9cialement con\u00e7us pour am\u00e9liorer les r\u00e9sultats des patientes\n\t<\/h2>\n\t<p>Tous les implants ne sont pas \u00e9gaux en ce qui concerne la <strong>s\u00e9curit\u00e9 des patientes<\/strong>. Des \u00e9tudes cliniques ont d\u00e9montr\u00e9 que les implants Sientra pr\u00e9sentent un taux de complications faible<sup>2<\/sup>. <strong>1\u00a0116\u00a0patientes<\/strong> participantes | \u00e9valuation sur une p\u00e9riode de <strong>10\u00a0ans<\/strong><\/p>\n\t\t\t\t<img loading=\"lazy\" decoding=\"async\" src=\"https:\/\/sientra.ca\/wp-content\/uploads\/2022\/06\/fr-aug_low_capsular-2.svg\" alt=\"Taux de contracture capsulaire faible\" itemprop=\"image\" height=\"124\" width=\"124\" title=\"aug_low_capsular\" onerror=\"this.style.display='none'\"  \/>\n\t\t\t\t<img loading=\"lazy\" decoding=\"async\" src=\"https:\/\/sientra.ca\/wp-content\/uploads\/2022\/06\/fr-aug_lowest_rupture-2.svg\" alt=\"Taux de rupture d'implants mammaires le plus faible\" itemprop=\"image\" height=\"124\" width=\"124\" title=\"aug_lowest_rupture\" onerror=\"this.style.display='none'\"  \/>\n\t\t\t\t<img loading=\"lazy\" decoding=\"async\" src=\"https:\/\/sientra.ca\/wp-content\/uploads\/2022\/06\/fr-aug_lowest_reop-2.svg\" alt=\"Taux de deuxi\u00e8me op\u00e9ration le plus faible\" itemprop=\"image\" height=\"124\" width=\"124\" title=\"aug_lowest_reoperation\" onerror=\"this.style.display='none'\"  \/>\n\t<p>(*\u00a0cohorte de femmes ayant eu une augmentation primaire)<\/p>\n    <img decoding=\"async\" loading=\"lazy\" src=\"https:\/\/sientra.ca\/wp-content\/uploads\/2022\/03\/hand_holding_clear_implant_white_dot-min.png\" alt=\"Main tenant un implant mammaire\" itemprop=\"image\" height=\"524\" width=\"791\" title=\"surgeon-main-hand-min\" onerror=\"this.style.display='none'\" srcset=\"https:\/\/sientra.ca\/wp-content\/uploads\/2022\/03\/hand_holding_clear_implant_white_dot-min.png 791w, https:\/\/sientra.ca\/wp-content\/uploads\/2022\/03\/hand_holding_clear_implant_white_dot-min-300x199.png 300w, https:\/\/sientra.ca\/wp-content\/uploads\/2022\/03\/hand_holding_clear_implant_white_dot-min-768x510.png 768w\" sizes=\"auto, (max-width: 791px) 100vw, 791px\"\/>\n<h2>\n\t\tLe taux de satisfaction des patientes t\u00e9moigne de leur confiance<sup>1<\/sup>\n\t<\/h2>\n\t\t\t90%\n<h3>\n\t\tse sentent plus f\u00e9minines\n\t<\/h3>\n\t\t\t91%\n<h3>\n\t\ttrouvent que leurs seins sont souples au toucher et ont une apparence naturelle\n\t<\/h3>\n\t\t\t79%\n<h3>\n\t\ttrouvent que leurs v\u00eatements \u00e9pousent mieux leurs formes\n\t<\/h3>\n\t<p>(cohorte de femmes ayant eu une augmentation primaire)<\/p>\n\t\t\t\t<img loading=\"lazy\" decoding=\"async\" src=\"https:\/\/sientra.ca\/wp-content\/uploads\/\/2021\/04\/surgeon_main_exclusivity_s_curve.svg\" alt=\"portrait de Blaine Hamilton\" itemprop=\"image\" height=\"676\" width=\"1440\" title=\"surgeon_main_exclusivity_s_curve\" onerror=\"this.style.display='none'\"  \/>\n\t\t\t\t<img loading=\"lazy\" decoding=\"async\" src=\"https:\/\/sientra.ca\/wp-content\/uploads\/2022\/06\/fr-surgeon_home_warranty-min.png\" alt=\"photo de Sarita, patiente de Sientra\" itemprop=\"image\" height=\"798\" width=\"839\" title=\"sarita-sientra-patient\" onerror=\"this.style.display='none'\"  \/>\n<h2>\n\t\tNous offrons la garantie de 20\u00a0ans la plus compl\u00e8te<br \/> du secteur\n\t<\/h2>\n\t<p>Puisque nous sommes convaincus que nos implants sont s\u00e9curitaires et performants, nous offrons la meilleure garantie du secteur. Le programme de remplacement de produit et de garantie limit\u00e9e Sientra Platinum20\u2122 offre la protection la plus compl\u00e8te, la dur\u00e9e de couverture la plus longue, la plupart des aides financi\u00e8res et le moins de restrictions de garantie parmi toutes les marques d&rsquo;implants.<\/p>\n\n","protected":false},"excerpt":{"rendered":"<p>Les normes Sientra S\u00e9curit\u00e9 S\u00e9curit\u00e9 et r\u00e9sultats cliniques in\u00e9gal\u00e9s12. Sientra propose la derni\u00e8re g\u00e9n\u00e9ration d&rsquo;implants avec un taux de complications faible1. optimale La garantie de 20\u00a0ans la plus compl\u00e8te du secteur. Service Un service adapt\u00e9 au succ\u00e8s de votre cabinet avec des programmes de marketing, des formations du secteur et une approche de services toujours &hellip; <a href=\"https:\/\/sientra.ca\/fr\/pour-les-chirurgiens-canadiens\/\">Continued<\/a><\/p>\n","protected":false},"author":1,"featured_media":0,"parent":0,"menu_order":0,"comment_status":"closed","ping_status":"closed","template":"","meta":{"_acf_changed":false,"footnotes":""},"class_list":["post-6441","page","type-page","status-publish","hentry"],"acf":[],"yoast_head":"<!-- This site is optimized with the Yoast SEO plugin v27.2 - https:\/\/yoast.com\/product\/yoast-seo-wordpress\/ -->\n<title>Sientra pour Mon cabinet | Sientra<\/title>\n<meta name=\"description\" content=\"Les normes Sientra repr\u00e9sentent notre engagement envers la s\u00e9curit\u00e9, le choix, la garantie, l\u2019approvisionnement, le service et la s\u00e9lection des chirurgiens.\" \/>\n<meta name=\"robots\" content=\"index, follow, max-snippet:-1, max-image-preview:large, max-video-preview:-1\" \/>\n<link rel=\"canonical\" href=\"https:\/\/sientra.ca\/fr\/pour-les-chirurgiens-canadiens\/\" \/>\n<meta property=\"og:locale\" content=\"fr_FR\" \/>\n<meta property=\"og:type\" content=\"article\" \/>\n<meta property=\"og:title\" content=\"Sientra pour Mon cabinet | Sientra\" \/>\n<meta property=\"og:description\" content=\"Les normes Sientra repr\u00e9sentent notre engagement envers la s\u00e9curit\u00e9, le choix, la garantie, l\u2019approvisionnement, le service et la s\u00e9lection des chirurgiens.\" \/>\n<meta property=\"og:url\" content=\"https:\/\/sientra.ca\/fr\/pour-les-chirurgiens-canadiens\/\" \/>\n<meta property=\"og:site_name\" content=\"Sientra\" \/>\n<meta property=\"article:modified_time\" content=\"2022-08-18T00:19:25+00:00\" \/>\n<meta property=\"og:image\" content=\"https:\/\/sientra.ca\/wp-content\/uploads\/2021\/05\/social-surgeons.jpg\" \/>\n<meta name=\"twitter:card\" content=\"summary_large_image\" \/>\n<script type=\"application\/ld+json\" class=\"yoast-schema-graph\">{\"@context\":\"https:\/\/schema.org\",\"@graph\":[{\"@type\":\"WebPage\",\"@id\":\"https:\/\/sientra.ca\/fr\/pour-les-chirurgiens-canadiens\/\",\"url\":\"https:\/\/sientra.ca\/fr\/pour-les-chirurgiens-canadiens\/\",\"name\":\"Sientra pour Mon cabinet | Sientra\",\"isPartOf\":{\"@id\":\"https:\/\/sientra.ca\/fr\/#website\"},\"primaryImageOfPage\":{\"@id\":\"https:\/\/sientra.ca\/fr\/pour-les-chirurgiens-canadiens\/#primaryimage\"},\"image\":{\"@id\":\"https:\/\/sientra.ca\/fr\/pour-les-chirurgiens-canadiens\/#primaryimage\"},\"thumbnailUrl\":\"https:\/\/sientra.ca\/wp-content\/uploads\/\/2021\/03\/surgeon_main_top_right_curve.svg\",\"datePublished\":\"2020-05-22T20:10:18+00:00\",\"dateModified\":\"2022-08-18T00:19:25+00:00\",\"description\":\"Les normes Sientra repr\u00e9sentent notre engagement envers la s\u00e9curit\u00e9, le choix, la garantie, l\u2019approvisionnement, le service et la s\u00e9lection des chirurgiens.\",\"breadcrumb\":{\"@id\":\"https:\/\/sientra.ca\/fr\/pour-les-chirurgiens-canadiens\/#breadcrumb\"},\"inLanguage\":\"fr-FR\",\"potentialAction\":[{\"@type\":\"ReadAction\",\"target\":[\"https:\/\/sientra.ca\/fr\/pour-les-chirurgiens-canadiens\/\"]}]},{\"@type\":\"ImageObject\",\"inLanguage\":\"fr-FR\",\"@id\":\"https:\/\/sientra.ca\/fr\/pour-les-chirurgiens-canadiens\/#primaryimage\",\"url\":\"https:\/\/sientra.ca\/wp-content\/uploads\/\/2021\/03\/surgeon_main_top_right_curve.svg\",\"contentUrl\":\"https:\/\/sientra.ca\/wp-content\/uploads\/\/2021\/03\/surgeon_main_top_right_curve.svg\"},{\"@type\":\"BreadcrumbList\",\"@id\":\"https:\/\/sientra.ca\/fr\/pour-les-chirurgiens-canadiens\/#breadcrumb\",\"itemListElement\":[{\"@type\":\"ListItem\",\"position\":1,\"name\":\"Home\",\"item\":\"https:\/\/sientra.ca\/fr\/\"},{\"@type\":\"ListItem\",\"position\":2,\"name\":\"Pour les chirurgiens canadiens\"}]},{\"@type\":\"WebSite\",\"@id\":\"https:\/\/sientra.ca\/fr\/#website\",\"url\":\"https:\/\/sientra.ca\/fr\/\",\"name\":\"Sientra\",\"description\":\"Breast Implants\",\"potentialAction\":[{\"@type\":\"SearchAction\",\"target\":{\"@type\":\"EntryPoint\",\"urlTemplate\":\"https:\/\/sientra.ca\/fr\/?s={search_term_string}\"},\"query-input\":{\"@type\":\"PropertyValueSpecification\",\"valueRequired\":true,\"valueName\":\"search_term_string\"}}],\"inLanguage\":\"fr-FR\"}]}<\/script>\n<!-- \/ Yoast SEO plugin. -->","yoast_head_json":{"title":"Sientra pour Mon cabinet | Sientra","description":"Les normes Sientra repr\u00e9sentent notre engagement envers la s\u00e9curit\u00e9, le choix, la garantie, l\u2019approvisionnement, le service et la s\u00e9lection des chirurgiens.","robots":{"index":"index","follow":"follow","max-snippet":"max-snippet:-1","max-image-preview":"max-image-preview:large","max-video-preview":"max-video-preview:-1"},"canonical":"https:\/\/sientra.ca\/fr\/pour-les-chirurgiens-canadiens\/","og_locale":"fr_FR","og_type":"article","og_title":"Sientra pour Mon cabinet | Sientra","og_description":"Les normes Sientra repr\u00e9sentent notre engagement envers la s\u00e9curit\u00e9, le choix, la garantie, l\u2019approvisionnement, le service et la s\u00e9lection des chirurgiens.","og_url":"https:\/\/sientra.ca\/fr\/pour-les-chirurgiens-canadiens\/","og_site_name":"Sientra","article_modified_time":"2022-08-18T00:19:25+00:00","og_image":[{"url":"https:\/\/sientra.ca\/wp-content\/uploads\/2021\/05\/social-surgeons.jpg","type":"","width":"","height":""}],"twitter_card":"summary_large_image","schema":{"@context":"https:\/\/schema.org","@graph":[{"@type":"WebPage","@id":"https:\/\/sientra.ca\/fr\/pour-les-chirurgiens-canadiens\/","url":"https:\/\/sientra.ca\/fr\/pour-les-chirurgiens-canadiens\/","name":"Sientra pour Mon cabinet | Sientra","isPartOf":{"@id":"https:\/\/sientra.ca\/fr\/#website"},"primaryImageOfPage":{"@id":"https:\/\/sientra.ca\/fr\/pour-les-chirurgiens-canadiens\/#primaryimage"},"image":{"@id":"https:\/\/sientra.ca\/fr\/pour-les-chirurgiens-canadiens\/#primaryimage"},"thumbnailUrl":"https:\/\/sientra.ca\/wp-content\/uploads\/\/2021\/03\/surgeon_main_top_right_curve.svg","datePublished":"2020-05-22T20:10:18+00:00","dateModified":"2022-08-18T00:19:25+00:00","description":"Les normes Sientra repr\u00e9sentent notre engagement envers la s\u00e9curit\u00e9, le choix, la garantie, l\u2019approvisionnement, le service et la s\u00e9lection des chirurgiens.","breadcrumb":{"@id":"https:\/\/sientra.ca\/fr\/pour-les-chirurgiens-canadiens\/#breadcrumb"},"inLanguage":"fr-FR","potentialAction":[{"@type":"ReadAction","target":["https:\/\/sientra.ca\/fr\/pour-les-chirurgiens-canadiens\/"]}]},{"@type":"ImageObject","inLanguage":"fr-FR","@id":"https:\/\/sientra.ca\/fr\/pour-les-chirurgiens-canadiens\/#primaryimage","url":"https:\/\/sientra.ca\/wp-content\/uploads\/\/2021\/03\/surgeon_main_top_right_curve.svg","contentUrl":"https:\/\/sientra.ca\/wp-content\/uploads\/\/2021\/03\/surgeon_main_top_right_curve.svg"},{"@type":"BreadcrumbList","@id":"https:\/\/sientra.ca\/fr\/pour-les-chirurgiens-canadiens\/#breadcrumb","itemListElement":[{"@type":"ListItem","position":1,"name":"Home","item":"https:\/\/sientra.ca\/fr\/"},{"@type":"ListItem","position":2,"name":"Pour les chirurgiens canadiens"}]},{"@type":"WebSite","@id":"https:\/\/sientra.ca\/fr\/#website","url":"https:\/\/sientra.ca\/fr\/","name":"Sientra","description":"Breast Implants","potentialAction":[{"@type":"SearchAction","target":{"@type":"EntryPoint","urlTemplate":"https:\/\/sientra.ca\/fr\/?s={search_term_string}"},"query-input":{"@type":"PropertyValueSpecification","valueRequired":true,"valueName":"search_term_string"}}],"inLanguage":"fr-FR"}]}},"_links":{"self":[{"href":"https:\/\/sientra.ca\/fr\/wp-json\/wp\/v2\/pages\/6441","targetHints":{"allow":["GET"]}}],"collection":[{"href":"https:\/\/sientra.ca\/fr\/wp-json\/wp\/v2\/pages"}],"about":[{"href":"https:\/\/sientra.ca\/fr\/wp-json\/wp\/v2\/types\/page"}],"author":[{"embeddable":true,"href":"https:\/\/sientra.ca\/fr\/wp-json\/wp\/v2\/users\/1"}],"replies":[{"embeddable":true,"href":"https:\/\/sientra.ca\/fr\/wp-json\/wp\/v2\/comments?post=6441"}],"version-history":[{"count":10,"href":"https:\/\/sientra.ca\/fr\/wp-json\/wp\/v2\/pages\/6441\/revisions"}],"predecessor-version":[{"id":6666,"href":"https:\/\/sientra.ca\/fr\/wp-json\/wp\/v2\/pages\/6441\/revisions\/6666"}],"wp:attachment":[{"href":"https:\/\/sientra.ca\/fr\/wp-json\/wp\/v2\/media?parent=6441"}],"curies":[{"name":"wp","href":"https:\/\/api.w.org\/{rel}","templated":true}]}}