{"id":6452,"date":"2020-05-28T14:36:37","date_gmt":"2020-05-28T14:36:37","guid":{"rendered":"https:\/\/dev.sientra.ca\/augmentation-mammaire\/"},"modified":"2022-08-15T19:17:13","modified_gmt":"2022-08-15T19:17:13","slug":"augmentation-mammaire","status":"publish","type":"page","link":"https:\/\/sientra.ca\/fr\/augmentation-mammaire\/","title":{"rendered":"Augmentation mammaire"},"content":{"rendered":"\n<h2>\n\t\tImaginez-vous avec Sientra\n\t<\/h2>\n\t<h3>\n\t\t\t\tConsultez les r\u00e9sultats cliniques\n\t\t\t<\/h3>\n\t\t\t<p>Une \u00e9tude clinique robuste d&rsquo;une dur\u00e9e de 10\u00a0ans a d\u00e9montr\u00e9 que nos implants mammaires en silicone pr\u00e9sentent un taux de complications faible et sont con\u00e7us pour une performance optimale<sup>2,3<\/sup>.<\/p>\n\t<h3>\n\t\t\t\tProfitez de la garantie la plus compl\u00e8te et la plus longue sur les implants mammaires\n\t\t\t<\/h3>\n\t\t\t<p>Plus qu&rsquo;une simple garantie de 20\u00a0ans, il en va de notre engagement envers votre sant\u00e9 et votre s\u00e9curit\u00e9.<\/p>\n\t<h3>\n\t\t\t\tConsultez un chirurgien plasticien certifi\u00e9\n\t\t\t<\/h3>\n\t\t\t<p>Seuls nos implants en gel de silicone coh\u00e9sif \u00e0 haute r\u00e9sistance sont offerts exclusivement aux chirurgiens les plus exp\u00e9riment\u00e9s afin que vous puissiez vous sentir en confiance entre les mains les plus qualifi\u00e9es.<\/p>\n<h2>\n\t\tDes implants con\u00e7us pour conserver leur forme\n\t<\/h2>\n\t\t\t\t<img loading=\"lazy\" decoding=\"async\" src=\"https:\/\/sientra.ca\/wp-content\/uploads\/2021\/01\/sientra-implant.png\" alt=\"Implant Sientra\" itemprop=\"image\" height=\"505\" width=\"264\" title=\"sientra-implant\" onerror=\"this.style.display='none'\"  \/>\n<h3>\n\t\tLe gel coh\u00e9sif exclusif\n\t<\/h3>\n\t<p>est solide, mais souple au toucher; il ressemble donc \u00e0 du tissu mammaire naturel<sup>2<\/sup><\/p>\n<h3>\n\t\tL&rsquo;enveloppe r\u00e9sistante\n\t<\/h3>\n\t<p>est con\u00e7ue pour maintenir le gel en place<\/p>\n<h3>\n\t\tLe lien unique\n\t<\/h3>\n\t<p>entre le gel et l&rsquo;enveloppe cr\u00e9e du volume dans le haut des seins<\/p>\n<h2>\n\t\tTout en maintenant une sensation remarquablement souple\n\t<\/h2>\n\t\t\t<a href=\"\/fr\/augmentation-mammaire\/la-science-des-implants\/\" target=\"_self\" role=\"button\" rel=\"noopener\">\n\t\t\t\t\t\t\t<h5>En savoir plus<\/h5>\n\t\t\t\t\t<\/a>\n\t\t\t\t<img loading=\"lazy\" decoding=\"async\" src=\"https:\/\/sientra.ca\/wp-content\/uploads\/2021\/01\/sarita-sientra-augmentation-patient.png\" alt=\"femme debout, regardant le spectateur\" itemprop=\"image\" height=\"882\" width=\"676\" title=\"sarita-sientra-augmentation-patient\" onerror=\"this.style.display='none'\"  \/>\n<h2>\n\t\tDes implants de tailles vari\u00e9es\n\t<\/h2>\n\t<p>Tous les implants ne sont pas \u00e9gaux en ce qui concerne la s\u00e9curit\u00e9 des patientes. Des \u00e9tudes ont d\u00e9montr\u00e9 que les implants Sientra pr\u00e9sentent un taux de complications faible<sup>3<\/sup>.<\/p>\n\t\t\t\t<img loading=\"lazy\" decoding=\"async\" src=\"https:\/\/sientra.ca\/wp-content\/uploads\/2022\/06\/fr-aug_low_capsular-2.svg\" alt=\"Taux de contracture capsulaire faible\" itemprop=\"image\" height=\"124\" width=\"124\" title=\"aug_low_capsular\" onerror=\"this.style.display='none'\"  \/>\n\t<h3>\n\t\t\t\tContracture capsulaire\n\t\t\t<\/h3>\n\t\t\t<p>Un resserrement\/durcissement du tissu cicatriciel autour de l&rsquo;implant<\/p>\n\t\t\t\t<img loading=\"lazy\" decoding=\"async\" src=\"https:\/\/sientra.ca\/wp-content\/uploads\/2022\/06\/fr-aug_lowest_rupture-2.svg\" alt=\"Taux de rupture d'implants mammaires le plus faible\" itemprop=\"image\" height=\"124\" width=\"124\" title=\"aug_lowest_rupture\" onerror=\"this.style.display='none'\"  \/>\n\t<h3>\n\t\t\t\tRupture d&rsquo;implant\n\t\t\t<\/h3>\n\t\t\t<p>Un trou ou une d\u00e9chirure dans l&rsquo;enveloppe de l&rsquo;implant<\/p>\n\t\t\t\t<img loading=\"lazy\" decoding=\"async\" src=\"https:\/\/sientra.ca\/wp-content\/uploads\/2022\/06\/fr-aug_lowest_reop-2.svg\" alt=\"Taux de deuxi\u00e8me op\u00e9ration le plus faible\" itemprop=\"image\" height=\"124\" width=\"124\" title=\"aug_lowest_reoperation\" onerror=\"this.style.display='none'\"  \/>\n\t<h3>\n\t\t\t\tDeuxi\u00e8me op\u00e9ration\n\t\t\t<\/h3>\n\t\t\t<p>Toute intervention chirurgicale suppl\u00e9mentaire effectu\u00e9e sur les seins apr\u00e8s la premi\u00e8re pose d&rsquo;implants mammaires<\/p>\n\t<p>(*\u00a0cohorte de femmes ayant eu une augmentation primaire)<\/p>\n<h2>\n\t\tObtenez les r\u00e9sultats dont vous avez toujours r\u00eav\u00e9\n\t<\/h2>\n\t<p><q>Chaque fois que je vois mon reflet, c&rsquo;est comme une mini c\u00e9l\u00e9bration.<\/q><\/p>\n\t<p><strong>&#8211;\u00a0JAMIE,<\/strong> patiente de Sientra<\/p>\n\t\t\t\t<img loading=\"lazy\" decoding=\"async\" src=\"https:\/\/sientra.ca\/wp-content\/uploads\/2021\/12\/implant_hand_clear-min.png\" alt=\"implant dans une main\" itemprop=\"image\" height=\"507\" width=\"546\" title=\"implant_hand_clear-min\" onerror=\"this.style.display='none'\"  \/>\n\t\t\t\t<img loading=\"lazy\" decoding=\"async\" src=\"https:\/\/sientra.ca\/wp-content\/uploads\/2021\/01\/jamie-actual-sientra-patient.jpg\" alt=\"femme debout, souriant au spectateur\" itemprop=\"image\" height=\"878\" width=\"690\" title=\"jamie-actual-sientra-patient\" onerror=\"this.style.display='none'\"  \/>\n<h2>\n\t\tLe taux de satisfaction des patientes t\u00e9moigne de leur confiance<sup>3<\/sup>\n\t<\/h2>\n\t\t\t90%\n<h3>\n\t\tse sentent plus f\u00e9minines\n\t<\/h3>\n\t\t\t91%\n<h3>\n\t\ttrouvent que leurs seins sont souples au toucher et ont une apparence naturelle\n\t<\/h3>\n\t\t\t79%\n<h3>\n\t\ttrouvent que leurs v\u00eatements \u00e9pousent mieux leurs formes\n\t<\/h3>\n\t\t\t<a href=\"\/fr\/augmentation-mammaire\/galerie-avant-et-apres\/\" target=\"_self\" role=\"button\" rel=\"noopener\">\n\t\t\t\t\t\t\t<h5>voir les r\u00e9sultats de v\u00e9ritables patientes<\/h5>\n\t\t\t\t\t<\/a>\n\t<p>(cohorte de femmes ayant eu une augmentation primaire)<\/p>\n\t\t\t\t<img loading=\"lazy\" decoding=\"async\" src=\"https:\/\/sientra.ca\/wp-content\/uploads\/2021\/01\/audrey-sientra-patient-warranty.png\" alt=\"femme debout dans l'embrasure de la porte\" itemprop=\"image\" height=\"728\" width=\"780\" title=\"audrey-sientra-patient-warranty\" onerror=\"this.style.display='none'\"  \/>\n<h2>\n\t\tNous offrons la garantie de 20\u00a0ans la plus compl\u00e8te<br \/> du secteur\n\t<\/h2>\n\t<p>Puisque nous sommes convaincus que nos implants sont s\u00e9curitaires et performants, nous offrons la meilleure garantie du secteur. Le programme de remplacement de produit et de garantie limit\u00e9e Sientra Platinum20\u2122 offre la protection la plus compl\u00e8te, la dur\u00e9e de couverture la plus longue, la plupart des aides financi\u00e8res et le moins de restrictions de garantie parmi toutes les marques d&rsquo;implants. Pour obtenir tous les d\u00e9tails sur les conditions du programme Sientra Platinum20 et sur les implants mammaires Sientra, consultez nos <a href=\"https:\/\/sientra.ca\/fr\/ressources-pour-les-patientes\/\">ressources<\/a>.<\/p>\n\t\t\t<a href=\"\/fr\/augmentation-mammaire\/details-de-la-garantie\/\" target=\"_self\" role=\"button\" rel=\"noopener\">\n\t\t\t\t\t\t\t<h5>En savoir plus<\/h5>\n\t\t\t\t\t<\/a>\n\n","protected":false},"excerpt":{"rendered":"<p>Imaginez-vous avec Sientra Consultez les r\u00e9sultats cliniques Une \u00e9tude clinique robuste d&rsquo;une dur\u00e9e de 10\u00a0ans a d\u00e9montr\u00e9 que nos implants mammaires en silicone pr\u00e9sentent un taux de complications faible et sont con\u00e7us pour une performance optimale2,3. Profitez de la garantie la plus compl\u00e8te et la plus longue sur les implants mammaires Plus qu&rsquo;une simple garantie &hellip; <a href=\"https:\/\/sientra.ca\/fr\/augmentation-mammaire\/\">Continued<\/a><\/p>\n","protected":false},"author":1,"featured_media":0,"parent":0,"menu_order":0,"comment_status":"closed","ping_status":"closed","template":"","meta":{"_acf_changed":false,"footnotes":""},"class_list":["post-6452","page","type-page","status-publish","hentry"],"acf":[],"yoast_head":"<!-- This site is optimized with the Yoast SEO plugin v27.2 - https:\/\/yoast.com\/product\/yoast-seo-wordpress\/ -->\n<title>Augmentations et implants mammaires | Sientra<\/title>\n<meta name=\"description\" content=\"Imaginez-vous avec Sientra. Sientra est la marque d\u2019implants mammaires la plus appr\u00e9ci\u00e9e aux \u00c9tats-Unis. Les implants sont con\u00e7us pour conserver leur forme tout en offrant une sensation remarquablement souple au toucher.\" \/>\n<meta name=\"robots\" content=\"index, follow, max-snippet:-1, max-image-preview:large, max-video-preview:-1\" \/>\n<link rel=\"canonical\" href=\"https:\/\/sientra.ca\/fr\/augmentation-mammaire\/\" \/>\n<meta property=\"og:locale\" content=\"fr_FR\" \/>\n<meta property=\"og:type\" content=\"article\" \/>\n<meta property=\"og:title\" content=\"Augmentations et implants mammaires | Sientra\" \/>\n<meta property=\"og:description\" content=\"Imaginez-vous avec Sientra. Sientra est la marque d\u2019implants mammaires la plus appr\u00e9ci\u00e9e aux \u00c9tats-Unis. Les implants sont con\u00e7us pour conserver leur forme tout en offrant une sensation remarquablement souple au toucher.\" \/>\n<meta property=\"og:url\" content=\"https:\/\/sientra.ca\/fr\/augmentation-mammaire\/\" \/>\n<meta property=\"og:site_name\" content=\"Sientra\" \/>\n<meta property=\"article:modified_time\" content=\"2022-08-15T19:17:13+00:00\" \/>\n<meta property=\"og:image\" content=\"https:\/\/sientra.ca\/wp-content\/uploads\/2021\/01\/sientra-implant.png\" \/>\n<meta name=\"twitter:card\" content=\"summary_large_image\" \/>\n<script type=\"application\/ld+json\" class=\"yoast-schema-graph\">{\"@context\":\"https:\/\/schema.org\",\"@graph\":[{\"@type\":\"WebPage\",\"@id\":\"https:\/\/sientra.ca\/fr\/augmentation-mammaire\/\",\"url\":\"https:\/\/sientra.ca\/fr\/augmentation-mammaire\/\",\"name\":\"Augmentations et implants mammaires | Sientra\",\"isPartOf\":{\"@id\":\"https:\/\/sientra.ca\/fr\/#website\"},\"primaryImageOfPage\":{\"@id\":\"https:\/\/sientra.ca\/fr\/augmentation-mammaire\/#primaryimage\"},\"image\":{\"@id\":\"https:\/\/sientra.ca\/fr\/augmentation-mammaire\/#primaryimage\"},\"thumbnailUrl\":\"https:\/\/sientra.ca\/wp-content\/uploads\/2021\/01\/sientra-implant.png\",\"datePublished\":\"2020-05-28T14:36:37+00:00\",\"dateModified\":\"2022-08-15T19:17:13+00:00\",\"description\":\"Imaginez-vous avec Sientra. Sientra est la marque d\u2019implants mammaires la plus appr\u00e9ci\u00e9e aux \u00c9tats-Unis. Les implants sont con\u00e7us pour conserver leur forme tout en offrant une sensation remarquablement souple au toucher.\",\"breadcrumb\":{\"@id\":\"https:\/\/sientra.ca\/fr\/augmentation-mammaire\/#breadcrumb\"},\"inLanguage\":\"fr-FR\",\"potentialAction\":[{\"@type\":\"ReadAction\",\"target\":[\"https:\/\/sientra.ca\/fr\/augmentation-mammaire\/\"]}]},{\"@type\":\"ImageObject\",\"inLanguage\":\"fr-FR\",\"@id\":\"https:\/\/sientra.ca\/fr\/augmentation-mammaire\/#primaryimage\",\"url\":\"https:\/\/sientra.ca\/wp-content\/uploads\/2021\/01\/sientra-implant.png\",\"contentUrl\":\"https:\/\/sientra.ca\/wp-content\/uploads\/2021\/01\/sientra-implant.png\"},{\"@type\":\"BreadcrumbList\",\"@id\":\"https:\/\/sientra.ca\/fr\/augmentation-mammaire\/#breadcrumb\",\"itemListElement\":[{\"@type\":\"ListItem\",\"position\":1,\"name\":\"Home\",\"item\":\"https:\/\/sientra.ca\/fr\/\"},{\"@type\":\"ListItem\",\"position\":2,\"name\":\"Augmentation mammaire\"}]},{\"@type\":\"WebSite\",\"@id\":\"https:\/\/sientra.ca\/fr\/#website\",\"url\":\"https:\/\/sientra.ca\/fr\/\",\"name\":\"Sientra\",\"description\":\"Breast Implants\",\"potentialAction\":[{\"@type\":\"SearchAction\",\"target\":{\"@type\":\"EntryPoint\",\"urlTemplate\":\"https:\/\/sientra.ca\/fr\/?s={search_term_string}\"},\"query-input\":{\"@type\":\"PropertyValueSpecification\",\"valueRequired\":true,\"valueName\":\"search_term_string\"}}],\"inLanguage\":\"fr-FR\"}]}<\/script>\n<!-- \/ Yoast SEO plugin. -->","yoast_head_json":{"title":"Augmentations et implants mammaires | Sientra","description":"Imaginez-vous avec Sientra. Sientra est la marque d\u2019implants mammaires la plus appr\u00e9ci\u00e9e aux \u00c9tats-Unis. Les implants sont con\u00e7us pour conserver leur forme tout en offrant une sensation remarquablement souple au toucher.","robots":{"index":"index","follow":"follow","max-snippet":"max-snippet:-1","max-image-preview":"max-image-preview:large","max-video-preview":"max-video-preview:-1"},"canonical":"https:\/\/sientra.ca\/fr\/augmentation-mammaire\/","og_locale":"fr_FR","og_type":"article","og_title":"Augmentations et implants mammaires | Sientra","og_description":"Imaginez-vous avec Sientra. Sientra est la marque d\u2019implants mammaires la plus appr\u00e9ci\u00e9e aux \u00c9tats-Unis. Les implants sont con\u00e7us pour conserver leur forme tout en offrant une sensation remarquablement souple au toucher.","og_url":"https:\/\/sientra.ca\/fr\/augmentation-mammaire\/","og_site_name":"Sientra","article_modified_time":"2022-08-15T19:17:13+00:00","og_image":[{"url":"https:\/\/sientra.ca\/wp-content\/uploads\/2021\/01\/sientra-implant.png","type":"","width":"","height":""}],"twitter_card":"summary_large_image","schema":{"@context":"https:\/\/schema.org","@graph":[{"@type":"WebPage","@id":"https:\/\/sientra.ca\/fr\/augmentation-mammaire\/","url":"https:\/\/sientra.ca\/fr\/augmentation-mammaire\/","name":"Augmentations et implants mammaires | Sientra","isPartOf":{"@id":"https:\/\/sientra.ca\/fr\/#website"},"primaryImageOfPage":{"@id":"https:\/\/sientra.ca\/fr\/augmentation-mammaire\/#primaryimage"},"image":{"@id":"https:\/\/sientra.ca\/fr\/augmentation-mammaire\/#primaryimage"},"thumbnailUrl":"https:\/\/sientra.ca\/wp-content\/uploads\/2021\/01\/sientra-implant.png","datePublished":"2020-05-28T14:36:37+00:00","dateModified":"2022-08-15T19:17:13+00:00","description":"Imaginez-vous avec Sientra. Sientra est la marque d\u2019implants mammaires la plus appr\u00e9ci\u00e9e aux \u00c9tats-Unis. Les implants sont con\u00e7us pour conserver leur forme tout en offrant une sensation remarquablement souple au toucher.","breadcrumb":{"@id":"https:\/\/sientra.ca\/fr\/augmentation-mammaire\/#breadcrumb"},"inLanguage":"fr-FR","potentialAction":[{"@type":"ReadAction","target":["https:\/\/sientra.ca\/fr\/augmentation-mammaire\/"]}]},{"@type":"ImageObject","inLanguage":"fr-FR","@id":"https:\/\/sientra.ca\/fr\/augmentation-mammaire\/#primaryimage","url":"https:\/\/sientra.ca\/wp-content\/uploads\/2021\/01\/sientra-implant.png","contentUrl":"https:\/\/sientra.ca\/wp-content\/uploads\/2021\/01\/sientra-implant.png"},{"@type":"BreadcrumbList","@id":"https:\/\/sientra.ca\/fr\/augmentation-mammaire\/#breadcrumb","itemListElement":[{"@type":"ListItem","position":1,"name":"Home","item":"https:\/\/sientra.ca\/fr\/"},{"@type":"ListItem","position":2,"name":"Augmentation mammaire"}]},{"@type":"WebSite","@id":"https:\/\/sientra.ca\/fr\/#website","url":"https:\/\/sientra.ca\/fr\/","name":"Sientra","description":"Breast Implants","potentialAction":[{"@type":"SearchAction","target":{"@type":"EntryPoint","urlTemplate":"https:\/\/sientra.ca\/fr\/?s={search_term_string}"},"query-input":{"@type":"PropertyValueSpecification","valueRequired":true,"valueName":"search_term_string"}}],"inLanguage":"fr-FR"}]}},"_links":{"self":[{"href":"https:\/\/sientra.ca\/fr\/wp-json\/wp\/v2\/pages\/6452","targetHints":{"allow":["GET"]}}],"collection":[{"href":"https:\/\/sientra.ca\/fr\/wp-json\/wp\/v2\/pages"}],"about":[{"href":"https:\/\/sientra.ca\/fr\/wp-json\/wp\/v2\/types\/page"}],"author":[{"embeddable":true,"href":"https:\/\/sientra.ca\/fr\/wp-json\/wp\/v2\/users\/1"}],"replies":[{"embeddable":true,"href":"https:\/\/sientra.ca\/fr\/wp-json\/wp\/v2\/comments?post=6452"}],"version-history":[{"count":9,"href":"https:\/\/sientra.ca\/fr\/wp-json\/wp\/v2\/pages\/6452\/revisions"}],"predecessor-version":[{"id":6653,"href":"https:\/\/sientra.ca\/fr\/wp-json\/wp\/v2\/pages\/6452\/revisions\/6653"}],"wp:attachment":[{"href":"https:\/\/sientra.ca\/fr\/wp-json\/wp\/v2\/media?parent=6452"}],"curies":[{"name":"wp","href":"https:\/\/api.w.org\/{rel}","templated":true}]}}