{"id":6453,"date":"2020-05-28T14:37:06","date_gmt":"2020-05-28T14:37:06","guid":{"rendered":"https:\/\/dev.sientra.ca\/augmentation-mammaire\/la-science-des-implants\/"},"modified":"2022-06-18T04:08:33","modified_gmt":"2022-06-18T04:08:33","slug":"la-science-des-implants","status":"publish","type":"page","link":"https:\/\/sientra.ca\/fr\/augmentation-mammaire\/la-science-des-implants\/","title":{"rendered":"La science des implants"},"content":{"rendered":"\n<h2>\n\t\tObtenez l&rsquo;apparence dont vous avez toujours r\u00eav\u00e9 gr\u00e2ce \u00e0 nos implants en gel coh\u00e9sif de pointe\n\t<\/h2>\n<h2>\n\t\tImplants ronds en gel\n\t<\/h2>\n<h3>\n\t\tImplants ronds coh\u00e9sifs con\u00e7us pour une apparence plus volumineuse et une sensation de souplesse naturelle\n\t<\/h3>\n\tCon\u00e7us pour cr\u00e9er du volume dans le haut des seins (d\u00e9collet\u00e9)\n\tSp\u00e9cialement con\u00e7us pour donner une apparence globale plus volumineuse\n\t<p>Offert avec une surface d&rsquo;enveloppe lisse<sup>6<\/sup><\/p>\n\t<div class=\"fl-builder-content fl-builder-content-6554 fl-builder-template fl-builder-row-template fl-builder-global-templates-locked\" data-post-id=\"6554\">\n<div class=\"fl-row fl-row-full-width fl-row-bg-color fl-node-5ffd3c2ade24d fl-row-default-height fl-row-align-center content-box-item right\" data-node=\"5ffd3c2ade24d\">\n\t<div class=\"fl-row-content-wrap geot-row\">\n\t\t\t\t\t\t\t\t<div class=\"fl-row-content fl-row-full-width fl-node-content\">\n\t\t\t\n<div class=\"fl-col-group fl-node-5ffd3c2adedec\" data-node=\"5ffd3c2adedec\">\n\t\t\t<div class=\"fl-col fl-node-5ffd3c2adeefb fl-col-bg-color\" data-node=\"5ffd3c2adeefb\">\n\t<div class=\"fl-col-content fl-node-content\">\n<div class=\"fl-module fl-module-rich-text fl-node-5ffd3defa2e6b\" data-node=\"5ffd3defa2e6b\">\n  \t<div class=\"fl-module-content fl-node-content\">\n\t\t<div class=\"fl-rich-text\">\n\t<h4 class=\"text-center\">lisse<\/h4>\n<p class=\"text-uppercase p-lg mt-n3 text-center\">surface<\/p>\n<h3>choix populaire<\/h3>\n<p>Souple, mais durable, notre enveloppe lisse contribue \u00e0 la sensation naturelle de nos implants. L\u2019enveloppe est con\u00e7ue pour minimiser le risque de d\u00e9chirure et permettre \u00e0 l\u2019implant de se d\u00e9placer naturellement avec le tissu mammaire naturel.<\/p>\n<\/div>\n<\/div>\n<\/div>\n\n<\/div>\n<\/div>\n\t<\/div>\n\t\t<\/div>\n\t<\/div>\n<\/div>\n\n<\/div><div class=\"uabb-js-breakpoint\" style=\"display: none;\"><\/div>\n<h2>\n\t\tD\u00e9couvrez notre offre de produits con\u00e7us avec soin\n\t<\/h2>\n\t\t\t\t<img loading=\"lazy\" decoding=\"async\" src=\"https:\/\/sientra.ca\/wp-content\/uploads\/2021\/01\/hsc-plus-cohesive.gif\" alt=\"animation d'une main avec le doigt qui appuie sur les lignes pour montrer la fermet\u00e9 de l'implant\" itemprop=\"image\" height=\"656\" width=\"1000\" title=\"hsc-plus-cohesive\" onerror=\"this.style.display='none'\"  \/>\n<h3>\n\t\tGel coh\u00e9sif plus \u00e0 haute r\u00e9sistance (HSC+)\n\t<\/h3>\n\t<p>Permet un maintien accru de la forme sans avoir \u00e0 opter pour un implant trop ferme<sup>2<\/sup><\/p>\n<h2>\n\t\tOptions d&rsquo;implants\n\t<\/h2>\n<h3>\n\t\t5\u00a0degr\u00e9s de projection\n\t<\/h3>\n        <img loading=\"lazy\" decoding=\"async\" src=\"\/wp-content\/uploads\/2020\/08\/luxe-projection-low.png\" alt=\"luxe-projection-low\" width=\"800\" height=\"679\" \/><p>Projection <strong>faible<\/strong> | (160\u00a0cm<sup>3<\/sup> \u00e0 700\u00a0cm<sup>3<\/sup>)<\/p>\n        <img loading=\"lazy\" decoding=\"async\" src=\"\/wp-content\/uploads\/2020\/08\/luxe-projection-moderate.png\" alt=\"luxe-projection-moderate\" width=\"800\" height=\"554\" \/><p>Projection <strong>mod\u00e9r\u00e9e<\/strong> | (190\u00a0cm<sup>3<\/sup> \u00e0 700\u00a0cm<sup><\/sup><sup>3<\/sup>)<\/p>\n        <img loading=\"lazy\" decoding=\"async\" src=\"\/wp-content\/uploads\/2020\/08\/luxe-projection-moderate-plus.png\" alt=\"luxe-projection-moderate-plus\" width=\"800\" height=\"570\" \/><p>Projection <strong>mod\u00e9r\u00e9e plus<\/strong> | (175\u00a0cm<sup>3<\/sup> \u00e0 695\u00a0cm<sup>3<\/sup>)<\/p>\n        <img loading=\"lazy\" decoding=\"async\" src=\"\/wp-content\/uploads\/2020\/08\/luxe-projection-high.png\" alt=\"luxe-projection-high\" width=\"800\" height=\"592\" \/><p>Projection <strong>\u00e9lev\u00e9e<\/strong> | (190\u00a0cm<sup>3<\/sup> \u00e0 700\u00a0cm<sup>3<\/sup>)<\/p>\n        <img loading=\"lazy\" decoding=\"async\" src=\"\/wp-content\/uploads\/2020\/08\/luxe-projection-xrta-high.png\" alt=\"luxe-projection-xrta-high\" width=\"800\" height=\"506\" \/><p>Projection <strong>tr\u00e8s \u00e9lev\u00e9e<\/strong> | (275\u00a0cm<sup>3<\/sup> \u00e0 510\u00a0cm<sup>3<\/sup>)<\/p>\n      <!-- .swiper-wrapper -->\n<h2>\n\t\tProfitez de notre engagement envers votre s\u00e9curit\u00e9\n\t<\/h2>\n<h3>\n\t\tDes \u00e9tudes cliniques ont d\u00e9montr\u00e9 que le taux de complication est faibles<sup>3<\/sup>\n\t<\/h3>\n\t\t\t\t<img loading=\"lazy\" decoding=\"async\" src=\"https:\/\/sientra.ca\/wp-content\/uploads\/2022\/06\/fr-aug_low_capsular.svg\" alt=\"Taux de contracture capsulaire faible\" itemprop=\"image\" height=\"124\" width=\"124\" title=\"low-risk-1\" onerror=\"this.style.display='none'\"  \/>\n\t<h3 style='margin-bottom: 10px;'>Contracture capsulaire<\/h3>\n<p>Un resserrement\/durcissement du tissu cicatriciel autour de l&rsquo;implant<\/p>\n\t\t\t\t<img loading=\"lazy\" decoding=\"async\" src=\"https:\/\/sientra.ca\/wp-content\/uploads\/2022\/06\/fr-aug_lowest_rupture.svg\" alt=\"Taux de rupture le plus faible\" itemprop=\"image\" height=\"124\" width=\"124\" title=\"low-risk-2\" onerror=\"this.style.display='none'\"  \/>\n\t<h3>Rupture d&rsquo;implant<\/h3>\n<p>Un trou ou une d\u00e9chirure dans l&rsquo;enveloppe<br \/>de l&rsquo;implant<\/p>\n\t\t\t\t<img loading=\"lazy\" decoding=\"async\" src=\"https:\/\/sientra.ca\/wp-content\/uploads\/2022\/06\/fr-aug_lowest_reop.svg\" alt=\"Taux de deuxi\u00e8me op\u00e9ration le plus faible\" itemprop=\"image\" height=\"124\" width=\"124\" title=\"low-risk-3\" onerror=\"this.style.display='none'\"  \/>\n\t<h3>Deuxi\u00e8me op\u00e9ration<\/h3>\n<p>Toute intervention chirurgicale suppl\u00e9mentaire<br \/>effectu\u00e9e sur les seins apr\u00e8s<br \/>la premi\u00e8re pose d&rsquo;implants mammaires<\/p>\n\t<p>(*\u00a0cohorte de femmes ayant eu une augmentation primaire)<\/p>\n\n","protected":false},"excerpt":{"rendered":"<p>Obtenez l&rsquo;apparence dont vous avez toujours r\u00eav\u00e9 gr\u00e2ce \u00e0 nos implants en gel coh\u00e9sif de pointe Implants ronds en gel Implants ronds coh\u00e9sifs con\u00e7us pour une apparence plus volumineuse et une sensation de souplesse naturelle Con\u00e7us pour cr\u00e9er du volume dans le haut des seins (d\u00e9collet\u00e9) Sp\u00e9cialement con\u00e7us pour donner une apparence globale plus volumineuse &hellip; <a href=\"https:\/\/sientra.ca\/fr\/augmentation-mammaire\/la-science-des-implants\/\">Continued<\/a><\/p>\n","protected":false},"author":1,"featured_media":0,"parent":6452,"menu_order":0,"comment_status":"closed","ping_status":"closed","template":"","meta":{"_acf_changed":false,"footnotes":""},"class_list":["post-6453","page","type-page","status-publish","hentry"],"acf":[],"yoast_head":"<!-- This site is optimized with the Yoast SEO plugin v27.2 - https:\/\/yoast.com\/product\/yoast-seo-wordpress\/ -->\n<title>Forme et texture des implants d\u2019augmentation mammaire | Sientra<\/title>\n<meta name=\"description\" content=\"Obtenez l\u2019apparence dont vous avez toujours r\u00eav\u00e9 gr\u00e2ce \u00e0 notre gel coh\u00e9sif de pointe utilis\u00e9 dans les implants ronds et profil\u00e9s. Sientra propose deux types de gel coh\u00e9sif (HSC et HSC+) pour deux degr\u00e9s de souplesse et plus de 340\u00a0options d\u2019implants mammaires.\" \/>\n<meta name=\"robots\" content=\"index, follow, max-snippet:-1, max-image-preview:large, max-video-preview:-1\" \/>\n<link rel=\"canonical\" href=\"https:\/\/sientra.ca\/fr\/augmentation-mammaire\/la-science-des-implants\/\" \/>\n<meta property=\"og:locale\" content=\"fr_FR\" \/>\n<meta property=\"og:type\" content=\"article\" \/>\n<meta property=\"og:title\" content=\"Forme et texture des implants d\u2019augmentation mammaire | Sientra\" \/>\n<meta property=\"og:description\" content=\"Obtenez l\u2019apparence dont vous avez toujours r\u00eav\u00e9 gr\u00e2ce \u00e0 notre gel coh\u00e9sif de pointe utilis\u00e9 dans les implants ronds et profil\u00e9s. Sientra propose deux types de gel coh\u00e9sif (HSC et HSC+) pour deux degr\u00e9s de souplesse et plus de 340\u00a0options d\u2019implants mammaires.\" \/>\n<meta property=\"og:url\" content=\"https:\/\/sientra.ca\/fr\/augmentation-mammaire\/la-science-des-implants\/\" \/>\n<meta property=\"og:site_name\" content=\"Sientra\" \/>\n<meta property=\"article:modified_time\" content=\"2022-06-18T04:08:33+00:00\" \/>\n<meta property=\"og:image\" content=\"https:\/\/sientra.ca\/wp-content\/uploads\/2021\/01\/hsc-plus-cohesive.gif\" \/>\n<meta name=\"twitter:card\" content=\"summary_large_image\" \/>\n<script type=\"application\/ld+json\" class=\"yoast-schema-graph\">{\"@context\":\"https:\/\/schema.org\",\"@graph\":[{\"@type\":\"WebPage\",\"@id\":\"https:\/\/sientra.ca\/fr\/augmentation-mammaire\/la-science-des-implants\/\",\"url\":\"https:\/\/sientra.ca\/fr\/augmentation-mammaire\/la-science-des-implants\/\",\"name\":\"Forme et texture des implants d\u2019augmentation mammaire | Sientra\",\"isPartOf\":{\"@id\":\"https:\/\/sientra.ca\/fr\/#website\"},\"primaryImageOfPage\":{\"@id\":\"https:\/\/sientra.ca\/fr\/augmentation-mammaire\/la-science-des-implants\/#primaryimage\"},\"image\":{\"@id\":\"https:\/\/sientra.ca\/fr\/augmentation-mammaire\/la-science-des-implants\/#primaryimage\"},\"thumbnailUrl\":\"https:\/\/sientra.ca\/wp-content\/uploads\/2021\/01\/hsc-plus-cohesive.gif\",\"datePublished\":\"2020-05-28T14:37:06+00:00\",\"dateModified\":\"2022-06-18T04:08:33+00:00\",\"description\":\"Obtenez l\u2019apparence dont vous avez toujours r\u00eav\u00e9 gr\u00e2ce \u00e0 notre gel coh\u00e9sif de pointe utilis\u00e9 dans les implants ronds et profil\u00e9s. Sientra propose deux types de gel coh\u00e9sif (HSC et HSC+) pour deux degr\u00e9s de souplesse et plus de 340\u00a0options d\u2019implants mammaires.\",\"breadcrumb\":{\"@id\":\"https:\/\/sientra.ca\/fr\/augmentation-mammaire\/la-science-des-implants\/#breadcrumb\"},\"inLanguage\":\"fr-FR\",\"potentialAction\":[{\"@type\":\"ReadAction\",\"target\":[\"https:\/\/sientra.ca\/fr\/augmentation-mammaire\/la-science-des-implants\/\"]}]},{\"@type\":\"ImageObject\",\"inLanguage\":\"fr-FR\",\"@id\":\"https:\/\/sientra.ca\/fr\/augmentation-mammaire\/la-science-des-implants\/#primaryimage\",\"url\":\"https:\/\/sientra.ca\/wp-content\/uploads\/2021\/01\/hsc-plus-cohesive.gif\",\"contentUrl\":\"https:\/\/sientra.ca\/wp-content\/uploads\/2021\/01\/hsc-plus-cohesive.gif\"},{\"@type\":\"BreadcrumbList\",\"@id\":\"https:\/\/sientra.ca\/fr\/augmentation-mammaire\/la-science-des-implants\/#breadcrumb\",\"itemListElement\":[{\"@type\":\"ListItem\",\"position\":1,\"name\":\"Home\",\"item\":\"https:\/\/sientra.ca\/fr\/\"},{\"@type\":\"ListItem\",\"position\":2,\"name\":\"Augmentation mammaire\",\"item\":\"https:\/\/sientra.ca\/fr\/augmentation-mammaire\/\"},{\"@type\":\"ListItem\",\"position\":3,\"name\":\"La science des implants\"}]},{\"@type\":\"WebSite\",\"@id\":\"https:\/\/sientra.ca\/fr\/#website\",\"url\":\"https:\/\/sientra.ca\/fr\/\",\"name\":\"Sientra\",\"description\":\"Breast Implants\",\"potentialAction\":[{\"@type\":\"SearchAction\",\"target\":{\"@type\":\"EntryPoint\",\"urlTemplate\":\"https:\/\/sientra.ca\/fr\/?s={search_term_string}\"},\"query-input\":{\"@type\":\"PropertyValueSpecification\",\"valueRequired\":true,\"valueName\":\"search_term_string\"}}],\"inLanguage\":\"fr-FR\"}]}<\/script>\n<!-- \/ Yoast SEO plugin. -->","yoast_head_json":{"title":"Forme et texture des implants d\u2019augmentation mammaire | Sientra","description":"Obtenez l\u2019apparence dont vous avez toujours r\u00eav\u00e9 gr\u00e2ce \u00e0 notre gel coh\u00e9sif de pointe utilis\u00e9 dans les implants ronds et profil\u00e9s. Sientra propose deux types de gel coh\u00e9sif (HSC et HSC+) pour deux degr\u00e9s de souplesse et plus de 340\u00a0options d\u2019implants mammaires.","robots":{"index":"index","follow":"follow","max-snippet":"max-snippet:-1","max-image-preview":"max-image-preview:large","max-video-preview":"max-video-preview:-1"},"canonical":"https:\/\/sientra.ca\/fr\/augmentation-mammaire\/la-science-des-implants\/","og_locale":"fr_FR","og_type":"article","og_title":"Forme et texture des implants d\u2019augmentation mammaire | Sientra","og_description":"Obtenez l\u2019apparence dont vous avez toujours r\u00eav\u00e9 gr\u00e2ce \u00e0 notre gel coh\u00e9sif de pointe utilis\u00e9 dans les implants ronds et profil\u00e9s. Sientra propose deux types de gel coh\u00e9sif (HSC et HSC+) pour deux degr\u00e9s de souplesse et plus de 340\u00a0options d\u2019implants mammaires.","og_url":"https:\/\/sientra.ca\/fr\/augmentation-mammaire\/la-science-des-implants\/","og_site_name":"Sientra","article_modified_time":"2022-06-18T04:08:33+00:00","og_image":[{"url":"https:\/\/sientra.ca\/wp-content\/uploads\/2021\/01\/hsc-plus-cohesive.gif","type":"","width":"","height":""}],"twitter_card":"summary_large_image","schema":{"@context":"https:\/\/schema.org","@graph":[{"@type":"WebPage","@id":"https:\/\/sientra.ca\/fr\/augmentation-mammaire\/la-science-des-implants\/","url":"https:\/\/sientra.ca\/fr\/augmentation-mammaire\/la-science-des-implants\/","name":"Forme et texture des implants d\u2019augmentation mammaire | Sientra","isPartOf":{"@id":"https:\/\/sientra.ca\/fr\/#website"},"primaryImageOfPage":{"@id":"https:\/\/sientra.ca\/fr\/augmentation-mammaire\/la-science-des-implants\/#primaryimage"},"image":{"@id":"https:\/\/sientra.ca\/fr\/augmentation-mammaire\/la-science-des-implants\/#primaryimage"},"thumbnailUrl":"https:\/\/sientra.ca\/wp-content\/uploads\/2021\/01\/hsc-plus-cohesive.gif","datePublished":"2020-05-28T14:37:06+00:00","dateModified":"2022-06-18T04:08:33+00:00","description":"Obtenez l\u2019apparence dont vous avez toujours r\u00eav\u00e9 gr\u00e2ce \u00e0 notre gel coh\u00e9sif de pointe utilis\u00e9 dans les implants ronds et profil\u00e9s. Sientra propose deux types de gel coh\u00e9sif (HSC et HSC+) pour deux degr\u00e9s de souplesse et plus de 340\u00a0options d\u2019implants mammaires.","breadcrumb":{"@id":"https:\/\/sientra.ca\/fr\/augmentation-mammaire\/la-science-des-implants\/#breadcrumb"},"inLanguage":"fr-FR","potentialAction":[{"@type":"ReadAction","target":["https:\/\/sientra.ca\/fr\/augmentation-mammaire\/la-science-des-implants\/"]}]},{"@type":"ImageObject","inLanguage":"fr-FR","@id":"https:\/\/sientra.ca\/fr\/augmentation-mammaire\/la-science-des-implants\/#primaryimage","url":"https:\/\/sientra.ca\/wp-content\/uploads\/2021\/01\/hsc-plus-cohesive.gif","contentUrl":"https:\/\/sientra.ca\/wp-content\/uploads\/2021\/01\/hsc-plus-cohesive.gif"},{"@type":"BreadcrumbList","@id":"https:\/\/sientra.ca\/fr\/augmentation-mammaire\/la-science-des-implants\/#breadcrumb","itemListElement":[{"@type":"ListItem","position":1,"name":"Home","item":"https:\/\/sientra.ca\/fr\/"},{"@type":"ListItem","position":2,"name":"Augmentation mammaire","item":"https:\/\/sientra.ca\/fr\/augmentation-mammaire\/"},{"@type":"ListItem","position":3,"name":"La science des implants"}]},{"@type":"WebSite","@id":"https:\/\/sientra.ca\/fr\/#website","url":"https:\/\/sientra.ca\/fr\/","name":"Sientra","description":"Breast Implants","potentialAction":[{"@type":"SearchAction","target":{"@type":"EntryPoint","urlTemplate":"https:\/\/sientra.ca\/fr\/?s={search_term_string}"},"query-input":{"@type":"PropertyValueSpecification","valueRequired":true,"valueName":"search_term_string"}}],"inLanguage":"fr-FR"}]}},"_links":{"self":[{"href":"https:\/\/sientra.ca\/fr\/wp-json\/wp\/v2\/pages\/6453","targetHints":{"allow":["GET"]}}],"collection":[{"href":"https:\/\/sientra.ca\/fr\/wp-json\/wp\/v2\/pages"}],"about":[{"href":"https:\/\/sientra.ca\/fr\/wp-json\/wp\/v2\/types\/page"}],"author":[{"embeddable":true,"href":"https:\/\/sientra.ca\/fr\/wp-json\/wp\/v2\/users\/1"}],"replies":[{"embeddable":true,"href":"https:\/\/sientra.ca\/fr\/wp-json\/wp\/v2\/comments?post=6453"}],"version-history":[{"count":13,"href":"https:\/\/sientra.ca\/fr\/wp-json\/wp\/v2\/pages\/6453\/revisions"}],"predecessor-version":[{"id":6607,"href":"https:\/\/sientra.ca\/fr\/wp-json\/wp\/v2\/pages\/6453\/revisions\/6607"}],"up":[{"embeddable":true,"href":"https:\/\/sientra.ca\/fr\/wp-json\/wp\/v2\/pages\/6452"}],"wp:attachment":[{"href":"https:\/\/sientra.ca\/fr\/wp-json\/wp\/v2\/media?parent=6453"}],"curies":[{"name":"wp","href":"https:\/\/api.w.org\/{rel}","templated":true}]}}