{"id":6454,"date":"2020-05-28T14:37:20","date_gmt":"2020-05-28T14:37:20","guid":{"rendered":"https:\/\/dev.sientra.ca\/augmentation-mammaire\/principes-de-base-des-implants-mammaires\/"},"modified":"2022-08-15T22:13:47","modified_gmt":"2022-08-15T22:13:47","slug":"principes-de-base-des-implants-mammaires","status":"publish","type":"page","link":"https:\/\/sientra.ca\/fr\/augmentation-mammaire\/principes-de-base-des-implants-mammaires\/","title":{"rendered":"Principes de base des implants mammaires"},"content":{"rendered":"","protected":false},"excerpt":{"rendered":"","protected":false},"author":1,"featured_media":0,"parent":6452,"menu_order":0,"comment_status":"closed","ping_status":"closed","template":"","meta":{"_acf_changed":false,"footnotes":""},"class_list":["post-6454","page","type-page","status-publish","hentry"],"acf":[],"yoast_head":"<!-- This site is optimized with the Yoast SEO plugin v27.2 - https:\/\/yoast.com\/product\/yoast-seo-wordpress\/ -->\n<title>FAQ sur les implants mammaires et pr\u00e9paration | Sientra<\/title>\n<meta name=\"description\" content=\"Obtenez la forme dont vous avez toujours r\u00eav\u00e9. Il y a de nombreuses d\u00e9cisions \u00e0 prendre lors de la s\u00e9lection du bon implant pour votre corps et en fonction du r\u00e9sultat souhait\u00e9.\u00a0\" \/>\n<meta name=\"robots\" content=\"index, follow, max-snippet:-1, max-image-preview:large, max-video-preview:-1\" \/>\n<link rel=\"canonical\" href=\"https:\/\/sientra.ca\/fr\/augmentation-mammaire\/principes-de-base-des-implants-mammaires\/\" \/>\n<meta property=\"og:locale\" content=\"fr_FR\" \/>\n<meta property=\"og:type\" content=\"article\" \/>\n<meta property=\"og:title\" content=\"FAQ sur les implants mammaires et pr\u00e9paration | Sientra\" \/>\n<meta property=\"og:description\" content=\"Obtenez la forme dont vous avez toujours r\u00eav\u00e9. Il y a de nombreuses d\u00e9cisions \u00e0 prendre lors de la s\u00e9lection du bon implant pour votre corps et en fonction du r\u00e9sultat souhait\u00e9.\u00a0\" \/>\n<meta property=\"og:url\" content=\"https:\/\/sientra.ca\/fr\/augmentation-mammaire\/principes-de-base-des-implants-mammaires\/\" \/>\n<meta property=\"og:site_name\" content=\"Sientra\" \/>\n<meta property=\"article:modified_time\" content=\"2022-08-15T22:13:47+00:00\" \/>\n<meta property=\"og:image\" content=\"https:\/\/sientra.ca\/wp-content\/uploads\/2021\/01\/aug_@2x_70q-min.jpg\" \/>\n\t<meta property=\"og:image:width\" content=\"1414\" \/>\n\t<meta property=\"og:image:height\" content=\"1468\" \/>\n\t<meta property=\"og:image:type\" content=\"image\/jpeg\" \/>\n<meta name=\"twitter:card\" content=\"summary_large_image\" \/>\n<script type=\"application\/ld+json\" class=\"yoast-schema-graph\">{\"@context\":\"https:\/\/schema.org\",\"@graph\":[{\"@type\":\"WebPage\",\"@id\":\"https:\/\/sientra.ca\/fr\/augmentation-mammaire\/principes-de-base-des-implants-mammaires\/\",\"url\":\"https:\/\/sientra.ca\/fr\/augmentation-mammaire\/principes-de-base-des-implants-mammaires\/\",\"name\":\"FAQ sur les implants mammaires et pr\u00e9paration | Sientra\",\"isPartOf\":{\"@id\":\"https:\/\/sientra.ca\/fr\/#website\"},\"datePublished\":\"2020-05-28T14:37:20+00:00\",\"dateModified\":\"2022-08-15T22:13:47+00:00\",\"description\":\"Obtenez la forme dont vous avez toujours r\u00eav\u00e9. Il y a de nombreuses d\u00e9cisions \u00e0 prendre lors de la s\u00e9lection du bon implant pour votre corps et en fonction du r\u00e9sultat souhait\u00e9.\u00a0\",\"breadcrumb\":{\"@id\":\"https:\/\/sientra.ca\/fr\/augmentation-mammaire\/principes-de-base-des-implants-mammaires\/#breadcrumb\"},\"inLanguage\":\"fr-FR\",\"potentialAction\":[{\"@type\":\"ReadAction\",\"target\":[\"https:\/\/sientra.ca\/fr\/augmentation-mammaire\/principes-de-base-des-implants-mammaires\/\"]}]},{\"@type\":\"BreadcrumbList\",\"@id\":\"https:\/\/sientra.ca\/fr\/augmentation-mammaire\/principes-de-base-des-implants-mammaires\/#breadcrumb\",\"itemListElement\":[{\"@type\":\"ListItem\",\"position\":1,\"name\":\"Home\",\"item\":\"https:\/\/sientra.ca\/fr\/\"},{\"@type\":\"ListItem\",\"position\":2,\"name\":\"Augmentation mammaire\",\"item\":\"https:\/\/sientra.ca\/fr\/augmentation-mammaire\/\"},{\"@type\":\"ListItem\",\"position\":3,\"name\":\"Principes de base des implants mammaires\"}]},{\"@type\":\"WebSite\",\"@id\":\"https:\/\/sientra.ca\/fr\/#website\",\"url\":\"https:\/\/sientra.ca\/fr\/\",\"name\":\"Sientra\",\"description\":\"Breast Implants\",\"potentialAction\":[{\"@type\":\"SearchAction\",\"target\":{\"@type\":\"EntryPoint\",\"urlTemplate\":\"https:\/\/sientra.ca\/fr\/?s={search_term_string}\"},\"query-input\":{\"@type\":\"PropertyValueSpecification\",\"valueRequired\":true,\"valueName\":\"search_term_string\"}}],\"inLanguage\":\"fr-FR\"}]}<\/script>\n<!-- \/ Yoast SEO plugin. -->","yoast_head_json":{"title":"FAQ sur les implants mammaires et pr\u00e9paration | Sientra","description":"Obtenez la forme dont vous avez toujours r\u00eav\u00e9. Il y a de nombreuses d\u00e9cisions \u00e0 prendre lors de la s\u00e9lection du bon implant pour votre corps et en fonction du r\u00e9sultat souhait\u00e9.\u00a0","robots":{"index":"index","follow":"follow","max-snippet":"max-snippet:-1","max-image-preview":"max-image-preview:large","max-video-preview":"max-video-preview:-1"},"canonical":"https:\/\/sientra.ca\/fr\/augmentation-mammaire\/principes-de-base-des-implants-mammaires\/","og_locale":"fr_FR","og_type":"article","og_title":"FAQ sur les implants mammaires et pr\u00e9paration | Sientra","og_description":"Obtenez la forme dont vous avez toujours r\u00eav\u00e9. Il y a de nombreuses d\u00e9cisions \u00e0 prendre lors de la s\u00e9lection du bon implant pour votre corps et en fonction du r\u00e9sultat souhait\u00e9.\u00a0","og_url":"https:\/\/sientra.ca\/fr\/augmentation-mammaire\/principes-de-base-des-implants-mammaires\/","og_site_name":"Sientra","article_modified_time":"2022-08-15T22:13:47+00:00","og_image":[{"width":1414,"height":1468,"url":"https:\/\/sientra.ca\/wp-content\/uploads\/2021\/01\/aug_@2x_70q-min.jpg","type":"image\/jpeg"}],"twitter_card":"summary_large_image","schema":{"@context":"https:\/\/schema.org","@graph":[{"@type":"WebPage","@id":"https:\/\/sientra.ca\/fr\/augmentation-mammaire\/principes-de-base-des-implants-mammaires\/","url":"https:\/\/sientra.ca\/fr\/augmentation-mammaire\/principes-de-base-des-implants-mammaires\/","name":"FAQ sur les implants mammaires et pr\u00e9paration | Sientra","isPartOf":{"@id":"https:\/\/sientra.ca\/fr\/#website"},"datePublished":"2020-05-28T14:37:20+00:00","dateModified":"2022-08-15T22:13:47+00:00","description":"Obtenez la forme dont vous avez toujours r\u00eav\u00e9. Il y a de nombreuses d\u00e9cisions \u00e0 prendre lors de la s\u00e9lection du bon implant pour votre corps et en fonction du r\u00e9sultat souhait\u00e9.\u00a0","breadcrumb":{"@id":"https:\/\/sientra.ca\/fr\/augmentation-mammaire\/principes-de-base-des-implants-mammaires\/#breadcrumb"},"inLanguage":"fr-FR","potentialAction":[{"@type":"ReadAction","target":["https:\/\/sientra.ca\/fr\/augmentation-mammaire\/principes-de-base-des-implants-mammaires\/"]}]},{"@type":"BreadcrumbList","@id":"https:\/\/sientra.ca\/fr\/augmentation-mammaire\/principes-de-base-des-implants-mammaires\/#breadcrumb","itemListElement":[{"@type":"ListItem","position":1,"name":"Home","item":"https:\/\/sientra.ca\/fr\/"},{"@type":"ListItem","position":2,"name":"Augmentation mammaire","item":"https:\/\/sientra.ca\/fr\/augmentation-mammaire\/"},{"@type":"ListItem","position":3,"name":"Principes de base des implants mammaires"}]},{"@type":"WebSite","@id":"https:\/\/sientra.ca\/fr\/#website","url":"https:\/\/sientra.ca\/fr\/","name":"Sientra","description":"Breast Implants","potentialAction":[{"@type":"SearchAction","target":{"@type":"EntryPoint","urlTemplate":"https:\/\/sientra.ca\/fr\/?s={search_term_string}"},"query-input":{"@type":"PropertyValueSpecification","valueRequired":true,"valueName":"search_term_string"}}],"inLanguage":"fr-FR"}]}},"_links":{"self":[{"href":"https:\/\/sientra.ca\/fr\/wp-json\/wp\/v2\/pages\/6454","targetHints":{"allow":["GET"]}}],"collection":[{"href":"https:\/\/sientra.ca\/fr\/wp-json\/wp\/v2\/pages"}],"about":[{"href":"https:\/\/sientra.ca\/fr\/wp-json\/wp\/v2\/types\/page"}],"author":[{"embeddable":true,"href":"https:\/\/sientra.ca\/fr\/wp-json\/wp\/v2\/users\/1"}],"replies":[{"embeddable":true,"href":"https:\/\/sientra.ca\/fr\/wp-json\/wp\/v2\/comments?post=6454"}],"version-history":[{"count":3,"href":"https:\/\/sientra.ca\/fr\/wp-json\/wp\/v2\/pages\/6454\/revisions"}],"predecessor-version":[{"id":6658,"href":"https:\/\/sientra.ca\/fr\/wp-json\/wp\/v2\/pages\/6454\/revisions\/6658"}],"up":[{"embeddable":true,"href":"https:\/\/sientra.ca\/fr\/wp-json\/wp\/v2\/pages\/6452"}],"wp:attachment":[{"href":"https:\/\/sientra.ca\/fr\/wp-json\/wp\/v2\/media?parent=6454"}],"curies":[{"name":"wp","href":"https:\/\/api.w.org\/{rel}","templated":true}]}}