{"id":6456,"date":"2020-05-28T14:38:00","date_gmt":"2020-05-28T14:38:00","guid":{"rendered":"https:\/\/dev.sientra.ca\/augmentation-mammaire\/details-de-la-garantie\/"},"modified":"2022-08-17T18:54:27","modified_gmt":"2022-08-17T18:54:27","slug":"details-de-la-garantie","status":"publish","type":"page","link":"https:\/\/sientra.ca\/fr\/augmentation-mammaire\/details-de-la-garantie\/","title":{"rendered":"D\u00e9tails de la garantie"},"content":{"rendered":"\n<h2>\n\t\tOffrez-vous la s\u00e9curit\u00e9\n\t<\/h2>\n\t<h3>Plus qu&rsquo;une simple garantie de 20&nbsp;ans, il en va de notre engagement envers votre sant\u00e9 et votre s\u00e9curit\u00e9.<\/h3>\nLe programme de remplacement de produit et de garantie limit\u00e9e Sientra Platinum20 est le plus complet et le plus long de tous les fabricants d&rsquo;implants mammaires. En plus d&rsquo;offrir la protection la plus compl\u00e8te et la plus longue dur\u00e9e de couverture, elle comprend la plus grande assistance financi\u00e8re et le moins de restrictions de garantie du secteur.\n\t\t\t\t<img loading=\"lazy\" decoding=\"async\" src=\"https:\/\/sientra.ca\/wp-content\/uploads\/2022\/06\/fr-warranty_badge-min.png\" alt=\"Insigne de garantie Sientra Platinum de 20&nbsp;ans\" itemprop=\"image\" height=\"343\" width=\"343\" title=\"sientra-platinum-20-year-warranty\" onerror=\"this.style.display='none'\">\n\t\t\t\t<img loading=\"lazy\" decoding=\"async\" src=\"https:\/\/sientra.ca\/wp-content\/uploads\/2021\/01\/jamie-actual-sientra-patient-circle-top.png\" alt=\"femme assise regardant le spectateur\" itemprop=\"image\" height=\"104\" width=\"960\" title=\"jamie-actual-sientra-patient-circle-top\" onerror=\"this.style.display='none'\">\n\t\t\t\t<img loading=\"lazy\" decoding=\"async\" src=\"https:\/\/sientra.ca\/wp-content\/uploads\/2021\/01\/jamie-actual-sientra-patient-circle.jpg\" alt=\"patiente Sientra souriante et portant un haut d\u00e9collet\u00e9\" itemprop=\"image\" height=\"1169\" width=\"960\" title=\"jamie-actual-sientra-patient-circle\" onerror=\"this.style.display='none'\">\n<h2>\n\t\tOffrez-vous la confiance avec une couverture compl\u00e8te\n\t<\/h2>\n<h3>\n\t\tCouvre toutes les augmentations primaires et de reprise, ainsi que les reconstructions\n\t<\/h3>\nRemplacement d&rsquo;implant GRATUIT \u00e0 vie<br>\nen cas de rupture\n20&nbsp;ans<br>\nJusqu&rsquo;\u00e0 5&nbsp;000&nbsp;$&nbsp;CA pour les frais et les co\u00fbts non couverts dus \u00e0 la rupture de l&rsquo;implant et jusqu&rsquo;\u00e0 7&nbsp;500&nbsp;$&nbsp;CA pour les frais et les co\u00fbts non couverts dus au LAGC-AIM\n20&nbsp;ans<br>\nRemplacement d&rsquo;implant GRATUIT pendant pour les complications associ\u00e9es \u00e0 une contracture capsulaire (grade&nbsp;III\/IV de Baker), \u00e0 des s\u00e9romes \u00e0 formation tardive, \u00e0 une double capsule et \u00e0 un LAGC-AIM.\n2&nbsp;ans<br>\nJusqu&rsquo;\u00e0 2&nbsp;000&nbsp;$&nbsp;CA pour les frais et les co\u00fbts non couverts associ\u00e9s \u00e0 la contracture capsulaire (grade&nbsp;III\/IV de Baker), \u00e0 des s\u00e9romes \u00e0 formation tardive et \u00e0 une double capsule\n\tPour les patientes admissibles pr\u00e9sentant des s\u00e9romes \u00e0 formation tardive, Sientra couvrira le co\u00fbt complet des tests, bas\u00e9s sur les meilleures pratiques actuelles, pour le lymphome \u00e0 grandes cellules anaplasique associ\u00e9 aux implants mammaires (LAGC-AIM).\n\t<p>Pour plus de d\u00e9tails sur les conditions g\u00e9n\u00e9rales du programme Sientra Platinum20 et sur les implants mammaires Sientra, consultez nos <a href=\"https:\/\/sientra.ca\/fr\/ressources-pour-les-patientes\/\">ressources<\/a>.<\/p>\n","protected":false},"excerpt":{"rendered":"<p>Offrez-vous la s\u00e9curit\u00e9 Plus qu&rsquo;une simple garantie de 20&nbsp;ans, il en va de notre engagement envers votre sant\u00e9 et votre s\u00e9curit\u00e9. Le programme de remplacement de produit et de garantie limit\u00e9e Sientra Platinum20 est le plus complet et le plus long de tous les fabricants d&rsquo;implants mammaires. En plus d&rsquo;offrir la protection la plus compl\u00e8te &hellip; <a href=\"https:\/\/sientra.ca\/fr\/augmentation-mammaire\/details-de-la-garantie\/\">Continued<\/a><\/p>\n","protected":false},"author":1,"featured_media":0,"parent":6452,"menu_order":0,"comment_status":"closed","ping_status":"closed","template":"","meta":{"_acf_changed":false,"footnotes":""},"class_list":["post-6456","page","type-page","status-publish","hentry"],"acf":[],"yoast_head":"<!-- This site is optimized with the Yoast SEO plugin v27.2 - https:\/\/yoast.com\/product\/yoast-seo-wordpress\/ -->\n<title>Meilleure garantie d\u2019implants mammaires | Sientra<\/title>\n<meta name=\"description\" content=\"La garantie de 20\u00a0ans Sientra Platinum offre la protection la plus compl\u00e8te, la dur\u00e9e de couverture la plus longue, la plupart des aides financi\u00e8res et le moins de restrictions de garantie du secteur, le tout sans frais\" \/>\n<meta name=\"robots\" content=\"index, follow, max-snippet:-1, max-image-preview:large, max-video-preview:-1\" \/>\n<link rel=\"canonical\" href=\"https:\/\/sientra.ca\/fr\/augmentation-mammaire\/details-de-la-garantie\/\" \/>\n<meta property=\"og:locale\" content=\"fr_FR\" \/>\n<meta property=\"og:type\" content=\"article\" \/>\n<meta property=\"og:title\" content=\"Meilleure garantie d\u2019implants mammaires | Sientra\" \/>\n<meta property=\"og:description\" content=\"La garantie de 20\u00a0ans Sientra Platinum offre la protection la plus compl\u00e8te, la dur\u00e9e de couverture la plus longue, la plupart des aides financi\u00e8res et le moins de restrictions de garantie du secteur, le tout sans frais\" \/>\n<meta property=\"og:url\" content=\"https:\/\/sientra.ca\/fr\/augmentation-mammaire\/details-de-la-garantie\/\" \/>\n<meta property=\"og:site_name\" content=\"Sientra\" \/>\n<meta property=\"article:modified_time\" content=\"2022-08-17T18:54:27+00:00\" \/>\n<meta property=\"og:image\" content=\"https:\/\/sientra.ca\/wp-content\/uploads\/2022\/06\/fr-warranty_badge-min.png\" \/>\n<meta name=\"twitter:card\" content=\"summary_large_image\" \/>\n<meta name=\"twitter:label1\" content=\"Dur\u00e9e de lecture estim\u00e9e\" \/>\n\t<meta name=\"twitter:data1\" content=\"2 minutes\" \/>\n<script type=\"application\/ld+json\" class=\"yoast-schema-graph\">{\"@context\":\"https:\/\/schema.org\",\"@graph\":[{\"@type\":\"WebPage\",\"@id\":\"https:\/\/sientra.ca\/fr\/augmentation-mammaire\/details-de-la-garantie\/\",\"url\":\"https:\/\/sientra.ca\/fr\/augmentation-mammaire\/details-de-la-garantie\/\",\"name\":\"Meilleure garantie d\u2019implants mammaires | Sientra\",\"isPartOf\":{\"@id\":\"https:\/\/sientra.ca\/fr\/#website\"},\"primaryImageOfPage\":{\"@id\":\"https:\/\/sientra.ca\/fr\/augmentation-mammaire\/details-de-la-garantie\/#primaryimage\"},\"image\":{\"@id\":\"https:\/\/sientra.ca\/fr\/augmentation-mammaire\/details-de-la-garantie\/#primaryimage\"},\"thumbnailUrl\":\"https:\/\/sientra.ca\/wp-content\/uploads\/2022\/06\/fr-warranty_badge-min.png\",\"datePublished\":\"2020-05-28T14:38:00+00:00\",\"dateModified\":\"2022-08-17T18:54:27+00:00\",\"description\":\"La garantie de 20\u00a0ans Sientra Platinum offre la protection la plus compl\u00e8te, la dur\u00e9e de couverture la plus longue, la plupart des aides financi\u00e8res et le moins de restrictions de garantie du secteur, le tout sans frais\",\"breadcrumb\":{\"@id\":\"https:\/\/sientra.ca\/fr\/augmentation-mammaire\/details-de-la-garantie\/#breadcrumb\"},\"inLanguage\":\"fr-FR\",\"potentialAction\":[{\"@type\":\"ReadAction\",\"target\":[\"https:\/\/sientra.ca\/fr\/augmentation-mammaire\/details-de-la-garantie\/\"]}]},{\"@type\":\"ImageObject\",\"inLanguage\":\"fr-FR\",\"@id\":\"https:\/\/sientra.ca\/fr\/augmentation-mammaire\/details-de-la-garantie\/#primaryimage\",\"url\":\"https:\/\/sientra.ca\/wp-content\/uploads\/2022\/06\/fr-warranty_badge-min.png\",\"contentUrl\":\"https:\/\/sientra.ca\/wp-content\/uploads\/2022\/06\/fr-warranty_badge-min.png\"},{\"@type\":\"BreadcrumbList\",\"@id\":\"https:\/\/sientra.ca\/fr\/augmentation-mammaire\/details-de-la-garantie\/#breadcrumb\",\"itemListElement\":[{\"@type\":\"ListItem\",\"position\":1,\"name\":\"Home\",\"item\":\"https:\/\/sientra.ca\/fr\/\"},{\"@type\":\"ListItem\",\"position\":2,\"name\":\"Augmentation mammaire\",\"item\":\"https:\/\/sientra.ca\/fr\/augmentation-mammaire\/\"},{\"@type\":\"ListItem\",\"position\":3,\"name\":\"D\u00e9tails de la garantie\"}]},{\"@type\":\"WebSite\",\"@id\":\"https:\/\/sientra.ca\/fr\/#website\",\"url\":\"https:\/\/sientra.ca\/fr\/\",\"name\":\"Sientra\",\"description\":\"Breast Implants\",\"potentialAction\":[{\"@type\":\"SearchAction\",\"target\":{\"@type\":\"EntryPoint\",\"urlTemplate\":\"https:\/\/sientra.ca\/fr\/?s={search_term_string}\"},\"query-input\":{\"@type\":\"PropertyValueSpecification\",\"valueRequired\":true,\"valueName\":\"search_term_string\"}}],\"inLanguage\":\"fr-FR\"}]}<\/script>\n<!-- \/ Yoast SEO plugin. -->","yoast_head_json":{"title":"Meilleure garantie d\u2019implants mammaires | Sientra","description":"La garantie de 20\u00a0ans Sientra Platinum offre la protection la plus compl\u00e8te, la dur\u00e9e de couverture la plus longue, la plupart des aides financi\u00e8res et le moins de restrictions de garantie du secteur, le tout sans frais","robots":{"index":"index","follow":"follow","max-snippet":"max-snippet:-1","max-image-preview":"max-image-preview:large","max-video-preview":"max-video-preview:-1"},"canonical":"https:\/\/sientra.ca\/fr\/augmentation-mammaire\/details-de-la-garantie\/","og_locale":"fr_FR","og_type":"article","og_title":"Meilleure garantie d\u2019implants mammaires | Sientra","og_description":"La garantie de 20\u00a0ans Sientra Platinum offre la protection la plus compl\u00e8te, la dur\u00e9e de couverture la plus longue, la plupart des aides financi\u00e8res et le moins de restrictions de garantie du secteur, le tout sans frais","og_url":"https:\/\/sientra.ca\/fr\/augmentation-mammaire\/details-de-la-garantie\/","og_site_name":"Sientra","article_modified_time":"2022-08-17T18:54:27+00:00","og_image":[{"url":"https:\/\/sientra.ca\/wp-content\/uploads\/2022\/06\/fr-warranty_badge-min.png","type":"","width":"","height":""}],"twitter_card":"summary_large_image","twitter_misc":{"Dur\u00e9e de lecture estim\u00e9e":"2 minutes"},"schema":{"@context":"https:\/\/schema.org","@graph":[{"@type":"WebPage","@id":"https:\/\/sientra.ca\/fr\/augmentation-mammaire\/details-de-la-garantie\/","url":"https:\/\/sientra.ca\/fr\/augmentation-mammaire\/details-de-la-garantie\/","name":"Meilleure garantie d\u2019implants mammaires | Sientra","isPartOf":{"@id":"https:\/\/sientra.ca\/fr\/#website"},"primaryImageOfPage":{"@id":"https:\/\/sientra.ca\/fr\/augmentation-mammaire\/details-de-la-garantie\/#primaryimage"},"image":{"@id":"https:\/\/sientra.ca\/fr\/augmentation-mammaire\/details-de-la-garantie\/#primaryimage"},"thumbnailUrl":"https:\/\/sientra.ca\/wp-content\/uploads\/2022\/06\/fr-warranty_badge-min.png","datePublished":"2020-05-28T14:38:00+00:00","dateModified":"2022-08-17T18:54:27+00:00","description":"La garantie de 20\u00a0ans Sientra Platinum offre la protection la plus compl\u00e8te, la dur\u00e9e de couverture la plus longue, la plupart des aides financi\u00e8res et le moins de restrictions de garantie du secteur, le tout sans frais","breadcrumb":{"@id":"https:\/\/sientra.ca\/fr\/augmentation-mammaire\/details-de-la-garantie\/#breadcrumb"},"inLanguage":"fr-FR","potentialAction":[{"@type":"ReadAction","target":["https:\/\/sientra.ca\/fr\/augmentation-mammaire\/details-de-la-garantie\/"]}]},{"@type":"ImageObject","inLanguage":"fr-FR","@id":"https:\/\/sientra.ca\/fr\/augmentation-mammaire\/details-de-la-garantie\/#primaryimage","url":"https:\/\/sientra.ca\/wp-content\/uploads\/2022\/06\/fr-warranty_badge-min.png","contentUrl":"https:\/\/sientra.ca\/wp-content\/uploads\/2022\/06\/fr-warranty_badge-min.png"},{"@type":"BreadcrumbList","@id":"https:\/\/sientra.ca\/fr\/augmentation-mammaire\/details-de-la-garantie\/#breadcrumb","itemListElement":[{"@type":"ListItem","position":1,"name":"Home","item":"https:\/\/sientra.ca\/fr\/"},{"@type":"ListItem","position":2,"name":"Augmentation mammaire","item":"https:\/\/sientra.ca\/fr\/augmentation-mammaire\/"},{"@type":"ListItem","position":3,"name":"D\u00e9tails de la garantie"}]},{"@type":"WebSite","@id":"https:\/\/sientra.ca\/fr\/#website","url":"https:\/\/sientra.ca\/fr\/","name":"Sientra","description":"Breast Implants","potentialAction":[{"@type":"SearchAction","target":{"@type":"EntryPoint","urlTemplate":"https:\/\/sientra.ca\/fr\/?s={search_term_string}"},"query-input":{"@type":"PropertyValueSpecification","valueRequired":true,"valueName":"search_term_string"}}],"inLanguage":"fr-FR"}]}},"_links":{"self":[{"href":"https:\/\/sientra.ca\/fr\/wp-json\/wp\/v2\/pages\/6456","targetHints":{"allow":["GET"]}}],"collection":[{"href":"https:\/\/sientra.ca\/fr\/wp-json\/wp\/v2\/pages"}],"about":[{"href":"https:\/\/sientra.ca\/fr\/wp-json\/wp\/v2\/types\/page"}],"author":[{"embeddable":true,"href":"https:\/\/sientra.ca\/fr\/wp-json\/wp\/v2\/users\/1"}],"replies":[{"embeddable":true,"href":"https:\/\/sientra.ca\/fr\/wp-json\/wp\/v2\/comments?post=6456"}],"version-history":[{"count":7,"href":"https:\/\/sientra.ca\/fr\/wp-json\/wp\/v2\/pages\/6456\/revisions"}],"predecessor-version":[{"id":6663,"href":"https:\/\/sientra.ca\/fr\/wp-json\/wp\/v2\/pages\/6456\/revisions\/6663"}],"up":[{"embeddable":true,"href":"https:\/\/sientra.ca\/fr\/wp-json\/wp\/v2\/pages\/6452"}],"wp:attachment":[{"href":"https:\/\/sientra.ca\/fr\/wp-json\/wp\/v2\/media?parent=6456"}],"curies":[{"name":"wp","href":"https:\/\/api.w.org\/{rel}","templated":true}]}}