{"id":6547,"date":"2020-05-21T18:21:33","date_gmt":"2020-05-21T18:21:33","guid":{"rendered":"https:\/\/dev.sientra.ca\/accueil\/"},"modified":"2023-06-27T19:26:43","modified_gmt":"2023-06-27T19:26:43","slug":"accueil","status":"publish","type":"page","link":"https:\/\/sientra.ca\/fr\/","title":{"rendered":"Accueil"},"content":{"rendered":"\n\n\t\t\t\t<a href=\"https:\/\/sientra.ca\/fr\/augmentation-mammaire\/\" target=\"_self\" itemprop=\"url\" rel=\"noopener\">\n\t\t\t\t<img loading=\"lazy\" decoding=\"async\" src=\"https:\/\/sientra.ca\/wp-content\/uploads\/2021\/01\/aug_@2x_70q-min.jpg\" alt=\"femme souriante assise regardant le spectateur\" itemprop=\"image\" height=\"1468\" width=\"1414\" title=\"aug_@2x_70q-min\" onerror=\"this.style.display='none'\"  \/>\n\t\t\t\t<\/a>\n\t<a href=\"https:\/\/sientra.ca\/fr\/augmentation-mammaire\/\"><\/a><h2 class='home-nav mb-3'>Augmentation mammaire\n    <\/h2> Jamie, patiente de Sientra\n\t&nbsp;\n\t\t\t\t<h2>Soyez grandement satisfaite<\/h2>\n<p><q>J&rsquo;adore mes implants Sientra. La forme, la texture souple, mais r\u00e9sistante, la s\u00e9curit\u00e9. C&rsquo;est le match parfait.<\/q><strong>&#8211;\u00a0AUDREY,<\/strong> patiente de Sientra<\/p>\n\t\t\t\t<h2>D\u00e9couvrez l&rsquo;exclusivit\u00e9 du chirurgien<\/h2>\n<p><q>Mon apparence a chang\u00e9, mais plus important encore, je me sens diff\u00e9rente.<\/q><strong>&#8211;\u00a0JAMIE,<\/strong> patiente de Sientra<\/p>\n\t\t\t\t<h2 class='mb-4'>Sentez-vous sexy<\/h2>\n<p><q>Maintenant, je porte ma confiance pour que tout le monde puisse la voir.<\/q><strong>&#8211;\u00a0SARITA,<\/strong> patiente de Sientra<\/p>\n\t\t\t\t<a href=\"#\" aria-label=\"previous\" role=\"button\">\n<\/a>\n\t\t\t\t<a href=\"#\" aria-label=\"next\" role=\"button\">\n<\/a>\n<h2>\n\t\tSientra a une note Worth It de RealSelf<sup>&reg;<\/sup>* de 99\u00a0% d\u00e9couvrez l&rsquo;amour de Sientra sur les r\u00e9seaux sociaux\n\t<\/h2>\n\t* Parmi les implants mammaires en gel de silicone; en date de f\u00e9vrier 2022, realself.com\n\n","protected":false},"excerpt":{"rendered":"<p>Augmentation mammaire Jamie, patiente de Sientra &nbsp; Soyez grandement satisfaite J&rsquo;adore mes implants Sientra. La forme, la texture souple, mais r\u00e9sistante, la s\u00e9curit\u00e9. C&rsquo;est le match parfait.&#8211;\u00a0AUDREY, patiente de Sientra D\u00e9couvrez l&rsquo;exclusivit\u00e9 du chirurgien Mon apparence a chang\u00e9, mais plus important encore, je me sens diff\u00e9rente.&#8211;\u00a0JAMIE, patiente de Sientra Sentez-vous sexy Maintenant, je porte ma &hellip; <a href=\"https:\/\/sientra.ca\/fr\/\">Continued<\/a><\/p>\n","protected":false},"author":1,"featured_media":0,"parent":0,"menu_order":0,"comment_status":"closed","ping_status":"closed","template":"","meta":{"_acf_changed":false,"footnotes":""},"class_list":["post-6547","page","type-page","status-publish","hentry"],"acf":[],"yoast_head":"<!-- This site is optimized with the Yoast SEO plugin v27.2 - https:\/\/yoast.com\/product\/yoast-seo-wordpress\/ -->\n<title>Augmentation mammaire et reconstruction mammaire | Sientra<\/title>\n<meta name=\"description\" content=\"Apprenez-en davantage sur les implants mammaires Sientra pour l\u2019augmentation et la reconstruction mammaires.\" \/>\n<meta name=\"robots\" content=\"index, follow, max-snippet:-1, max-image-preview:large, max-video-preview:-1\" \/>\n<link rel=\"canonical\" href=\"https:\/\/sientra.ca\/fr\/\" \/>\n<meta property=\"og:locale\" content=\"fr_FR\" \/>\n<meta property=\"og:type\" content=\"article\" \/>\n<meta property=\"og:title\" content=\"Augmentation mammaire et reconstruction mammaire | Sientra\" \/>\n<meta property=\"og:description\" content=\"Apprenez-en davantage sur les implants mammaires Sientra pour l\u2019augmentation et la reconstruction mammaires.\" \/>\n<meta property=\"og:url\" content=\"https:\/\/sientra.ca\/fr\/\" \/>\n<meta property=\"og:site_name\" content=\"Sientra\" \/>\n<meta property=\"article:modified_time\" content=\"2023-06-27T19:26:43+00:00\" \/>\n<meta property=\"og:image\" content=\"https:\/\/sientra.ca\/wp-content\/uploads\/2021\/01\/aug_@2x_70q-min.jpg\" \/>\n<meta name=\"twitter:card\" content=\"summary_large_image\" \/>\n<meta name=\"twitter:label1\" content=\"Dur\u00e9e de lecture estim\u00e9e\" \/>\n\t<meta name=\"twitter:data1\" content=\"1 minute\" \/>\n<script type=\"application\/ld+json\" class=\"yoast-schema-graph\">{\"@context\":\"https:\/\/schema.org\",\"@graph\":[{\"@type\":\"WebPage\",\"@id\":\"https:\/\/sientra.ca\/fr\/\",\"url\":\"https:\/\/sientra.ca\/fr\/\",\"name\":\"Augmentation mammaire et reconstruction mammaire | Sientra\",\"isPartOf\":{\"@id\":\"https:\/\/sientra.ca\/fr\/#website\"},\"primaryImageOfPage\":{\"@id\":\"https:\/\/sientra.ca\/fr\/#primaryimage\"},\"image\":{\"@id\":\"https:\/\/sientra.ca\/fr\/#primaryimage\"},\"thumbnailUrl\":\"https:\/\/sientra.ca\/wp-content\/uploads\/2021\/01\/aug_@2x_70q-min.jpg\",\"datePublished\":\"2020-05-21T18:21:33+00:00\",\"dateModified\":\"2023-06-27T19:26:43+00:00\",\"description\":\"Apprenez-en davantage sur les implants mammaires Sientra pour l\u2019augmentation et la reconstruction mammaires.\",\"breadcrumb\":{\"@id\":\"https:\/\/sientra.ca\/fr\/#breadcrumb\"},\"inLanguage\":\"fr-FR\",\"potentialAction\":[{\"@type\":\"ReadAction\",\"target\":[\"https:\/\/sientra.ca\/fr\/\"]}]},{\"@type\":\"ImageObject\",\"inLanguage\":\"fr-FR\",\"@id\":\"https:\/\/sientra.ca\/fr\/#primaryimage\",\"url\":\"https:\/\/sientra.ca\/wp-content\/uploads\/2021\/01\/aug_@2x_70q-min.jpg\",\"contentUrl\":\"https:\/\/sientra.ca\/wp-content\/uploads\/2021\/01\/aug_@2x_70q-min.jpg\"},{\"@type\":\"BreadcrumbList\",\"@id\":\"https:\/\/sientra.ca\/fr\/#breadcrumb\",\"itemListElement\":[{\"@type\":\"ListItem\",\"position\":1,\"name\":\"Home\",\"item\":\"https:\/\/sientra.ca\/fr\/\"},{\"@type\":\"ListItem\",\"position\":2,\"name\":\"Accueil\"}]},{\"@type\":\"WebSite\",\"@id\":\"https:\/\/sientra.ca\/fr\/#website\",\"url\":\"https:\/\/sientra.ca\/fr\/\",\"name\":\"Sientra\",\"description\":\"Breast Implants\",\"potentialAction\":[{\"@type\":\"SearchAction\",\"target\":{\"@type\":\"EntryPoint\",\"urlTemplate\":\"https:\/\/sientra.ca\/fr\/?s={search_term_string}\"},\"query-input\":{\"@type\":\"PropertyValueSpecification\",\"valueRequired\":true,\"valueName\":\"search_term_string\"}}],\"inLanguage\":\"fr-FR\"}]}<\/script>\n<!-- \/ Yoast SEO plugin. -->","yoast_head_json":{"title":"Augmentation mammaire et reconstruction mammaire | Sientra","description":"Apprenez-en davantage sur les implants mammaires Sientra pour l\u2019augmentation et la reconstruction mammaires.","robots":{"index":"index","follow":"follow","max-snippet":"max-snippet:-1","max-image-preview":"max-image-preview:large","max-video-preview":"max-video-preview:-1"},"canonical":"https:\/\/sientra.ca\/fr\/","og_locale":"fr_FR","og_type":"article","og_title":"Augmentation mammaire et reconstruction mammaire | Sientra","og_description":"Apprenez-en davantage sur les implants mammaires Sientra pour l\u2019augmentation et la reconstruction mammaires.","og_url":"https:\/\/sientra.ca\/fr\/","og_site_name":"Sientra","article_modified_time":"2023-06-27T19:26:43+00:00","og_image":[{"url":"https:\/\/sientra.ca\/wp-content\/uploads\/2021\/01\/aug_@2x_70q-min.jpg","type":"","width":"","height":""}],"twitter_card":"summary_large_image","twitter_misc":{"Dur\u00e9e de lecture estim\u00e9e":"1 minute"},"schema":{"@context":"https:\/\/schema.org","@graph":[{"@type":"WebPage","@id":"https:\/\/sientra.ca\/fr\/","url":"https:\/\/sientra.ca\/fr\/","name":"Augmentation mammaire et reconstruction mammaire | Sientra","isPartOf":{"@id":"https:\/\/sientra.ca\/fr\/#website"},"primaryImageOfPage":{"@id":"https:\/\/sientra.ca\/fr\/#primaryimage"},"image":{"@id":"https:\/\/sientra.ca\/fr\/#primaryimage"},"thumbnailUrl":"https:\/\/sientra.ca\/wp-content\/uploads\/2021\/01\/aug_@2x_70q-min.jpg","datePublished":"2020-05-21T18:21:33+00:00","dateModified":"2023-06-27T19:26:43+00:00","description":"Apprenez-en davantage sur les implants mammaires Sientra pour l\u2019augmentation et la reconstruction mammaires.","breadcrumb":{"@id":"https:\/\/sientra.ca\/fr\/#breadcrumb"},"inLanguage":"fr-FR","potentialAction":[{"@type":"ReadAction","target":["https:\/\/sientra.ca\/fr\/"]}]},{"@type":"ImageObject","inLanguage":"fr-FR","@id":"https:\/\/sientra.ca\/fr\/#primaryimage","url":"https:\/\/sientra.ca\/wp-content\/uploads\/2021\/01\/aug_@2x_70q-min.jpg","contentUrl":"https:\/\/sientra.ca\/wp-content\/uploads\/2021\/01\/aug_@2x_70q-min.jpg"},{"@type":"BreadcrumbList","@id":"https:\/\/sientra.ca\/fr\/#breadcrumb","itemListElement":[{"@type":"ListItem","position":1,"name":"Home","item":"https:\/\/sientra.ca\/fr\/"},{"@type":"ListItem","position":2,"name":"Accueil"}]},{"@type":"WebSite","@id":"https:\/\/sientra.ca\/fr\/#website","url":"https:\/\/sientra.ca\/fr\/","name":"Sientra","description":"Breast Implants","potentialAction":[{"@type":"SearchAction","target":{"@type":"EntryPoint","urlTemplate":"https:\/\/sientra.ca\/fr\/?s={search_term_string}"},"query-input":{"@type":"PropertyValueSpecification","valueRequired":true,"valueName":"search_term_string"}}],"inLanguage":"fr-FR"}]}},"_links":{"self":[{"href":"https:\/\/sientra.ca\/fr\/wp-json\/wp\/v2\/pages\/6547","targetHints":{"allow":["GET"]}}],"collection":[{"href":"https:\/\/sientra.ca\/fr\/wp-json\/wp\/v2\/pages"}],"about":[{"href":"https:\/\/sientra.ca\/fr\/wp-json\/wp\/v2\/types\/page"}],"author":[{"embeddable":true,"href":"https:\/\/sientra.ca\/fr\/wp-json\/wp\/v2\/users\/1"}],"replies":[{"embeddable":true,"href":"https:\/\/sientra.ca\/fr\/wp-json\/wp\/v2\/comments?post=6547"}],"version-history":[{"count":8,"href":"https:\/\/sientra.ca\/fr\/wp-json\/wp\/v2\/pages\/6547\/revisions"}],"predecessor-version":[{"id":6709,"href":"https:\/\/sientra.ca\/fr\/wp-json\/wp\/v2\/pages\/6547\/revisions\/6709"}],"wp:attachment":[{"href":"https:\/\/sientra.ca\/fr\/wp-json\/wp\/v2\/media?parent=6547"}],"curies":[{"name":"wp","href":"https:\/\/api.w.org\/{rel}","templated":true}]}}